{"id":6565,"date":"2024-01-02T15:23:13","date_gmt":"2024-01-02T15:23:13","guid":{"rendered":"https:\/\/onoxvo.es\/kontakt\/"},"modified":"2024-05-29T11:05:59","modified_gmt":"2024-05-29T11:05:59","slug":"contacto","status":"publish","type":"page","link":"https:\/\/onoxvo.es\/de\/contacto\/","title":{"rendered":"Kontakt"},"content":{"rendered":"<?xml encoding=\"UTF-8\"><div class=\"gb-container gb-container-24ab7658\">\n<div class=\"gb-container gb-container-e4925450\">\n<div class=\"gb-grid-wrapper gb-grid-wrapper-25037b59\">\n<div class=\"gb-grid-column gb-grid-column-aafbbc1c\"><div class=\"gb-container gb-container-aafbbc1c\">\n\n<h1 class=\"gb-headline gb-headline-3dc61e59 gb-headline-text\">Kontakt<\/h1>\n\n\n\n<p>Wir sind f&uuml;r Sie da! Ob Sie eine Frage oder einen Kommentar haben oder Hilfe ben&ouml;tigen, wir sind nur eine Nachricht entfernt. Sie k&ouml;nnen uns auf eine der folgenden Arten kontaktieren:<\/p>\n\n\n\n<h2 class=\"gb-headline gb-headline-7e968c29 gb-headline-text\">Kontakt-Formular<\/h2>\n\n\n\n<p class=\"gb-headline gb-headline-9a9f1eb3 gb-headline-text\">Sie k&ouml;nnen das untenstehende Formular verwenden, um uns direkt eine Nachricht zu senden. F&uuml;llen Sie die erforderlichen Felder aus und klicken Sie auf &sbquo;Nachricht senden&lsquo;. Wir bem&uuml;hen uns, alle Anfragen innerhalb von 24 Stunden zu beantworten.<\/p>\n\n\n\n<h2 class=\"gb-headline gb-headline-6987a60a gb-headline-text\">Senden Sie uns eine E-Mail<\/h2>\n\n\n\n<p>Wenn Sie es vorziehen, uns per E-Mail zu kontaktieren, senden Sie Ihre Fragen oder Anliegen bitte an <a href=\"mailto:info@onoxvo.es\">info@onoxvo.es.<\/a> Wir &uuml;berpr&uuml;fen unsere E-Mails regelm&auml;&szlig;ig und werden unser Bestes tun, um Ihnen eine zeitnahe und vollst&auml;ndige Antwort zu geben.<\/p>\n\n\n\n<p>Vielen Dank, dass Sie sich f&uuml;r Onoxvo entschieden haben. Wir freuen uns darauf, Ihnen zu helfen!<\/p>\n\n<\/div><\/div>\n\n<div class=\"gb-grid-column gb-grid-column-8b3b81f4\"><div class=\"gb-container gb-container-8b3b81f4\">\n    <script>\n        localStorage.setItem('fxbot_ab_testing', '{\"login\":[],\"registration\":[],\"contactus\":[]}');\n    <\/script>\n\n\n<script>\n    localStorage.setItem('fxbot_api_parameters', '[]');\n    localStorage.setItem('fxbot_alias_url', 'wp-content\/plugins\/fxbot-registration-form\/api.php');\n    localStorage.setItem('fxbot_email_marketing', '1');\n    localStorage.setItem('fxbot_email_marketing_debounce', 'true');\n    localStorage.setItem('fxbot_email_marketing_debounce_time', '1000');\n    localStorage.setItem('fxbot_recaptcha_enabled', 'false');\n    localStorage.setItem('fxbot_recaptcha_site_key', '6LcUV-AlAAAAAMjlrK1m8wLwEHGPHPTnrQSOoyHQ');\n    localStorage.setItem('fxbot_alt_reg_popup_query_selector', '');\n    localStorage.setItem('fxbot_redirectVariant', '0');\n<\/script>\n<div class=\"form-widget\">\n    <form action=\"\" class=\"flex flex-column\" data-form=\"registrationForm\" data-urlsearchparams=\"\" data-widget=\"contactus\" id=\"reg_form_1\" method=\"post\" name=\"registrationForm\">\n        <div class=\"elementor-field-type-text elementor-field-group elementor-column elementor-field-group-name elementor-col-100 form-group\">\n            <label for=\"form-first_name\" class=\"elementor-field-label elementor-screen-only\">Vorname<\/label>\n            <input class=\"elementor-field elementor-size-sm  elementor-field-textual regFormFirstName\" placeholder=\"Vorname\" data-input=\"firstname\" data-valid=\"false\" id=\"form-first_name\" name=\"firstname\" size=\"1\" type=\"text\">\n            <p class=\"error-message\"><\/p>\n        <\/div>\n\n        <div class=\"elementor-field-type-text elementor-field-group elementor-column elementor-field-group-name elementor-col-100 form-group\">\n            <label for=\"form-last_name\" class=\"elementor-field-label elementor-screen-only\">Nachname<\/label>\n            <input class=\"elementor-field elementor-size-sm elementor-field-textual regFormLastNname\" placeholder=\"Nachname\" data-input=\"lastname\" data-valid=\"false\" id=\"form-last_name\" name=\"lastname\" size=\"1\" type=\"text\">\n            <p class=\"error-message\"><\/p>\n        <\/div>\n\n        <div class=\"elementor-field-type-text elementor-field-group elementor-column elementor-field-group-name elementor-col-100 form-group form-group__emailValid\">\n            <label for=\"form-email\" class=\"elementor-field-label elementor-screen-only\">Email<\/label>\n            <input class=\"elementor-field elementor-size-sm elementor-field-textual regFormEmail\" data-input=\"email\" data-valid=\"false\" id=\"form-email\" name=\"email\" placeholder=\"Email\" type=\"email\">\n            <p class=\"error-message\"><\/p>\n            <p class=\"form-group__emailValid-info\">\n                <span class=\"form-group__emailValid-message\"><span>Meinten Sie<\/span> <b><\/b>?<\/span> <span class=\"form-group__emailValid-btn\">Ersetzen<\/span>            <\/p>\n        <\/div>\n\n        <div class=\"elementor-field-type-tel elementor-field-group elementor-column elementor-field-group-field_fad38fc elementor-col-100 form-group reg-phone\">\n            <label for=\"form-phone_number\" class=\"elementor-field-label elementor-screen-only\">Telefonnummer<\/label>\n            <input class=\"elementor-field elementor-size-sm elementor-field-textual regFormPhoneNumber\" placeholder=\"Telefonnummer\" autocompvare=\"off\" data-input=\"phone_number\" data-valid=\"false\" id=\"form-phone_number\" inputmode=\"tel\" name=\"phone_number\" size=\"1\" type=\"text\">\n            <p class=\"error-message\"><\/p>\n        <\/div>\n\n        <div class=\"elementor-field-type-text elementor-field-group elementor-column elementor-field-group-name elementor-col-100 form-group\">\n            <label for=\"form-message\" class=\"elementor-field-label elementor-screen-only\">Nachricht<\/label>\n            <textarea class=\"elementor-field elementor-size-sm elementor-field-textual regFormMessage\" placeholder=\"Nachricht\" data-input=\"message\" data-valid=\"false\" id=\"form-message\" name=\"message\" rows=\"5\"><\/textarea>\n            <p class=\"error-message\"><\/p>\n        <\/div>\n\n        <button class=\"elementor-button zoom regFormButton\" data-button=\"submit\" id=\"form-btn\" type=\"button\">\n            Nachricht senden        <\/button>\n\n        <div class=\"wrapper__rar-no\" data-modal=\"success\" style=\"display: none\">\n            <div class=\"success\">\n                <img decoding=\"async\" src=\"\/wp-content\/plugins\/fxbot-registration-form\/assets\/images\/regSuccess.png\" alt=\"Vielen Dank f\u00fcr Ihre R\u00fcckmeldung.\">\n                <p>Vielen Dank f\u00fcr Ihre R\u00fcckmeldung.<\/p>\n            <\/div>\n        <\/div>\n\n        <div class=\"wrapper__rar-no\" data-modal=\"alternative_success\" style=\"display: none\">\n            <div class=\"success\">\n                <p class=\"reg_title\">\n                    <b>Sie haben erfolgreich eine Verbindung hergestellt.<\/b>\n                <\/p>\n                <p>Ein Mitarbeiter des Unternehmens wird sich in K\u00fcrze bei Ihnen melden. Stellen Sie bitte sicher, dass Sie telefonisch erreichbar sind, um den Anruf nicht zu verpassen.<\/p>\n            <\/div>\n        <\/div>\n\n        <div class=\"wrapper__error\" data-modal=\"error\" style=\"display: none\"><\/div>\n    <\/form>\n<\/div>\n\n<div class=\"submit-overlay\" style=\"display: none;\">\n    <div class=\"lds-spinner\">\n        <div><\/div>\n        <div><\/div>\n        <div><\/div>\n        <div><\/div>\n        <div><\/div>\n        <div><\/div>\n        <div><\/div>\n        <div><\/div>\n    <\/div>\n    <p class=\"overlay-text\">Bearbeitung Ihrer Anfrage...<\/p>\n<\/div>\n\n\n<\/div><\/div>\n<\/div>\n<\/div>\n<\/div>\n","protected":false},"excerpt":{"rendered":"","protected":false},"author":1,"featured_media":0,"parent":0,"menu_order":0,"comment_status":"closed","ping_status":"closed","template":"","meta":{"footnotes":""},"class_list":["post-6565","page","type-page","status-publish"],"rank_math_title":"Kontaktieren Sie ONOXVO: Ihr Zugang zu Bitcoin-Informationen und -Support von Experten","rank_math_description":"Wenden Sie sich an ONOXVO f\u00fcr alle Ihre Fragen zu Bitcoin und Kryptow\u00e4hrung. Unsere Kontaktseite soll Ihnen umfassende Unterst\u00fctzung bieten, egal ob Sie Informationen oder Unterst\u00fctzung suchen oder einen Beitrag leisten m\u00f6chten. Nehmen Sie noch heute Kontakt mit uns auf.","rank_math_focus_keyword":"","_links":{"self":[{"href":"https:\/\/onoxvo.es\/de\/wp-json\/wp\/v2\/pages\/6565","targetHints":{"allow":["GET"]}}],"collection":[{"href":"https:\/\/onoxvo.es\/de\/wp-json\/wp\/v2\/pages"}],"about":[{"href":"https:\/\/onoxvo.es\/de\/wp-json\/wp\/v2\/types\/page"}],"author":[{"embeddable":true,"href":"https:\/\/onoxvo.es\/de\/wp-json\/wp\/v2\/users\/1"}],"replies":[{"embeddable":true,"href":"https:\/\/onoxvo.es\/de\/wp-json\/wp\/v2\/comments?post=6565"}],"version-history":[{"count":0,"href":"https:\/\/onoxvo.es\/de\/wp-json\/wp\/v2\/pages\/6565\/revisions"}],"wp:attachment":[{"href":"https:\/\/onoxvo.es\/de\/wp-json\/wp\/v2\/media?parent=6565"}],"curies":[{"name":"wp","href":"https:\/\/api.w.org\/{rel}","templated":true}]}}