{"id":6563,"date":"2024-01-02T15:23:13","date_gmt":"2024-01-02T15:23:13","guid":{"rendered":"https:\/\/onoxvo.es\/contact\/"},"modified":"2024-05-29T11:05:59","modified_gmt":"2024-05-29T11:05:59","slug":"contacto","status":"publish","type":"page","link":"https:\/\/onoxvo.es\/fr\/contacto\/","title":{"rendered":"Contact"},"content":{"rendered":"<?xml encoding=\"UTF-8\"><div class=\"gb-container gb-container-24ab7658\">\n<div class=\"gb-container gb-container-e4925450\">\n<div class=\"gb-grid-wrapper gb-grid-wrapper-25037b59\">\n<div class=\"gb-grid-column gb-grid-column-aafbbc1c\"><div class=\"gb-container gb-container-aafbbc1c\">\n\n<h1 class=\"gb-headline gb-headline-3dc61e59 gb-headline-text\">Contact<\/h1>\n\n\n\n<p>Nous sommes l&agrave; pour vous aider ! Que vous ayez une question, un commentaire ou besoin d&rsquo;aide, nous sommes &agrave; votre disposition. N&rsquo;h&eacute;sitez pas &agrave; nous contacter par l&rsquo;un des moyens suivants :<\/p>\n\n\n\n<h2 class=\"gb-headline gb-headline-7e968c29 gb-headline-text\">Formulaire de contact<\/h2>\n\n\n\n<p class=\"gb-headline gb-headline-9a9f1eb3 gb-headline-text\">Pour votre commodit&eacute;, vous pouvez utiliser le formulaire ci-dessous pour nous envoyer directement un message. Remplissez les champs requis et cliquez sur &laquo;&nbsp;Envoyer le message&nbsp;&raquo;. Nous nous effor&ccedil;ons de r&eacute;pondre &agrave; toutes les demandes de renseignements dans les 24 heures.<\/p>\n\n\n\n<h2 class=\"gb-headline gb-headline-6987a60a gb-headline-text\">Envoyez-nous un courriel<\/h2>\n\n\n\n<p>Si vous pr&eacute;f&eacute;rez nous contacter par courrier &eacute;lectronique, veuillez envoyer vos questions ou pr&eacute;occupations &agrave; <a href=\"mailto:info@onoxvo.es\">info@onoxvo.es<\/a>. Nous v&eacute;rifions r&eacute;guli&egrave;rement nos courriels et nous ferons de notre mieux pour vous fournir une r&eacute;ponse rapide et compl&egrave;te.<\/p>\n\n\n\n<p>Merci d&rsquo;avoir choisi Onoxvo. Nous nous r&eacute;jouissons de pouvoir vous aider !<\/p>\n\n<\/div><\/div>\n\n<div class=\"gb-grid-column gb-grid-column-8b3b81f4\"><div class=\"gb-container gb-container-8b3b81f4\">\n    <script>\n        localStorage.setItem('fxbot_ab_testing', '{\"login\":[],\"registration\":[],\"contactus\":[]}');\n    <\/script>\n\n\n<script>\n    localStorage.setItem('fxbot_api_parameters', '[]');\n    localStorage.setItem('fxbot_alias_url', 'wp-content\/plugins\/fxbot-registration-form\/api.php');\n    localStorage.setItem('fxbot_email_marketing', '1');\n    localStorage.setItem('fxbot_email_marketing_debounce', 'true');\n    localStorage.setItem('fxbot_email_marketing_debounce_time', '1000');\n    localStorage.setItem('fxbot_recaptcha_enabled', 'false');\n    localStorage.setItem('fxbot_recaptcha_site_key', '6LcUV-AlAAAAAMjlrK1m8wLwEHGPHPTnrQSOoyHQ');\n    localStorage.setItem('fxbot_alt_reg_popup_query_selector', '');\n    localStorage.setItem('fxbot_redirectVariant', '0');\n<\/script>\n<div class=\"form-widget\">\n    <form action=\"\" class=\"flex flex-column\" data-form=\"registrationForm\" data-urlsearchparams=\"\" data-widget=\"contactus\" id=\"reg_form_1\" method=\"post\" name=\"registrationForm\">\n        <div class=\"elementor-field-type-text elementor-field-group elementor-column elementor-field-group-name elementor-col-100 form-group\">\n            <label for=\"form-first_name\" class=\"elementor-field-label elementor-screen-only\">Pr\u00e9nom<\/label>\n            <input class=\"elementor-field elementor-size-sm  elementor-field-textual regFormFirstName\" placeholder=\"Pr\u00e9nom\" data-input=\"firstname\" data-valid=\"false\" id=\"form-first_name\" name=\"firstname\" size=\"1\" type=\"text\">\n            <p class=\"error-message\"><\/p>\n        <\/div>\n\n        <div class=\"elementor-field-type-text elementor-field-group elementor-column elementor-field-group-name elementor-col-100 form-group\">\n            <label for=\"form-last_name\" class=\"elementor-field-label elementor-screen-only\">Nom de famille<\/label>\n            <input class=\"elementor-field elementor-size-sm elementor-field-textual regFormLastNname\" placeholder=\"Nom de famille\" data-input=\"lastname\" data-valid=\"false\" id=\"form-last_name\" name=\"lastname\" size=\"1\" type=\"text\">\n            <p class=\"error-message\"><\/p>\n        <\/div>\n\n        <div class=\"elementor-field-type-text elementor-field-group elementor-column elementor-field-group-name elementor-col-100 form-group form-group__emailValid\">\n            <label for=\"form-email\" class=\"elementor-field-label elementor-screen-only\">E-mail<\/label>\n            <input class=\"elementor-field elementor-size-sm elementor-field-textual regFormEmail\" data-input=\"email\" data-valid=\"false\" id=\"form-email\" name=\"email\" placeholder=\"E-mail\" type=\"email\">\n            <p class=\"error-message\"><\/p>\n            <p class=\"form-group__emailValid-info\">\n                <span class=\"form-group__emailValid-message\"><span>Vouliez-vous dire<\/span> <b><\/b>?<\/span> <span class=\"form-group__emailValid-btn\">Remplacer<\/span>            <\/p>\n        <\/div>\n\n        <div class=\"elementor-field-type-tel elementor-field-group elementor-column elementor-field-group-field_fad38fc elementor-col-100 form-group reg-phone\">\n            <label for=\"form-phone_number\" class=\"elementor-field-label elementor-screen-only\">Num\u00e9ro de t\u00e9l\u00e9phone<\/label>\n            <input class=\"elementor-field elementor-size-sm elementor-field-textual regFormPhoneNumber\" placeholder=\"Num\u00e9ro de t\u00e9l\u00e9phone\" autocompvare=\"off\" data-input=\"phone_number\" data-valid=\"false\" id=\"form-phone_number\" inputmode=\"tel\" name=\"phone_number\" size=\"1\" type=\"text\">\n            <p class=\"error-message\"><\/p>\n        <\/div>\n\n        <div class=\"elementor-field-type-text elementor-field-group elementor-column elementor-field-group-name elementor-col-100 form-group\">\n            <label for=\"form-message\" class=\"elementor-field-label elementor-screen-only\">Message<\/label>\n            <textarea class=\"elementor-field elementor-size-sm elementor-field-textual regFormMessage\" placeholder=\"Message\" data-input=\"message\" data-valid=\"false\" id=\"form-message\" name=\"message\" rows=\"5\"><\/textarea>\n            <p class=\"error-message\"><\/p>\n        <\/div>\n\n        <button class=\"elementor-button zoom regFormButton\" data-button=\"submit\" id=\"form-btn\" type=\"button\">\n            Envoyer le message        <\/button>\n\n        <div class=\"wrapper__rar-no\" data-modal=\"success\" style=\"display: none\">\n            <div class=\"success\">\n                <img decoding=\"async\" src=\"\/wp-content\/plugins\/fxbot-registration-form\/assets\/images\/regSuccess.png\" alt=\"Merci pour vos commentaires.\">\n                <p>Merci pour vos commentaires.<\/p>\n            <\/div>\n        <\/div>\n\n        <div class=\"wrapper__rar-no\" data-modal=\"alternative_success\" style=\"display: none\">\n            <div class=\"success\">\n                <p class=\"reg_title\">\n                    <b>Vous \u00eates connect\u00e9 avec succ\u00e8s.<\/b>\n                <\/p>\n                <p>Un agent de l'entreprise vous contactera bient\u00f4t. Veuillez vous assurer d'\u00eatre disponible par t\u00e9l\u00e9phone pour ne pas manquer l'appel.<\/p>\n            <\/div>\n        <\/div>\n\n        <div class=\"wrapper__error\" data-modal=\"error\" style=\"display: none\"><\/div>\n    <\/form>\n<\/div>\n\n<div class=\"submit-overlay\" style=\"display: none;\">\n    <div class=\"lds-spinner\">\n        <div><\/div>\n        <div><\/div>\n        <div><\/div>\n        <div><\/div>\n        <div><\/div>\n        <div><\/div>\n        <div><\/div>\n        <div><\/div>\n    <\/div>\n    <p class=\"overlay-text\">Traitement de votre demande...<\/p>\n<\/div>\n\n\n<\/div><\/div>\n<\/div>\n<\/div>\n<\/div>\n","protected":false},"excerpt":{"rendered":"","protected":false},"author":1,"featured_media":0,"parent":0,"menu_order":0,"comment_status":"closed","ping_status":"closed","template":"","meta":{"footnotes":""},"class_list":["post-6563","page","type-page","status-publish"],"rank_math_title":"Contactez ONOXVO : votre portail d'acc\u00e8s \u00e0 des informations et \u00e0 une assistance sp\u00e9cialis\u00e9es sur le Bitcoin.","rank_math_description":"Contactez ONOXVO pour toutes vos questions sur le bitcoin et les crypto-monnaies. Notre page de contact est con\u00e7ue pour vous offrir un soutien complet, que vous soyez \u00e0 la recherche d'informations, de soutien ou que vous souhaitiez apporter votre contribution. Prenez contact avec nous d\u00e8s aujourd'hui.","rank_math_focus_keyword":"","_links":{"self":[{"href":"https:\/\/onoxvo.es\/fr\/wp-json\/wp\/v2\/pages\/6563","targetHints":{"allow":["GET"]}}],"collection":[{"href":"https:\/\/onoxvo.es\/fr\/wp-json\/wp\/v2\/pages"}],"about":[{"href":"https:\/\/onoxvo.es\/fr\/wp-json\/wp\/v2\/types\/page"}],"author":[{"embeddable":true,"href":"https:\/\/onoxvo.es\/fr\/wp-json\/wp\/v2\/users\/1"}],"replies":[{"embeddable":true,"href":"https:\/\/onoxvo.es\/fr\/wp-json\/wp\/v2\/comments?post=6563"}],"version-history":[{"count":0,"href":"https:\/\/onoxvo.es\/fr\/wp-json\/wp\/v2\/pages\/6563\/revisions"}],"wp:attachment":[{"href":"https:\/\/onoxvo.es\/fr\/wp-json\/wp\/v2\/media?parent=6563"}],"curies":[{"name":"wp","href":"https:\/\/api.w.org\/{rel}","templated":true}]}}