{"id":6520,"date":"2024-01-02T11:06:33","date_gmt":"2024-01-02T11:06:33","guid":{"rendered":"https:\/\/onoxvo.es\/strona-glowna\/"},"modified":"2024-05-29T11:04:05","modified_gmt":"2024-05-29T11:04:05","slug":"home","status":"publish","type":"page","link":"https:\/\/onoxvo.es\/pl\/","title":{"rendered":"Strona g\u0142\u00f3wna"},"content":{"rendered":"<?xml encoding=\"UTF-8\"><div class=\"gb-container gb-container-d948d37c\">\n<div class=\"gb-container gb-container-d1d48d47\">\n\n<h2 class=\"gb-headline gb-headline-3c30758a gb-headline-text\"><mark style=\"background-color:#4daa50\" class=\"has-inline-color has-base-3-color\">Jeste&#347; zainteresowany<\/mark><\/h2>\n\n\n\n<div class=\"gb-grid-wrapper gb-grid-wrapper-bc3d22cc gb-query-loop-wrapper\">\n<div class=\"gb-grid-column gb-grid-column-6d0708d1 gb-query-loop-item post-23804 post type-post status-publish format-standard has-post-thumbnail hentry category-opinie\"><div class=\"gb-container gb-container-6d0708d1\">\n<figure class=\"gb-block-image gb-block-image-66593d68\"><img loading=\"lazy\" decoding=\"async\" width=\"1200\" height=\"673\" src=\"https:\/\/onoxvo.es\/wp-content\/uploads\/2025\/04\/Manos-en-el-teclado-en-la-oficina-2.jpg\" class=\"gb-image-66593d68\" alt=\"K00411 Manos en el teclado en la oficina (2)\" srcset=\"https:\/\/onoxvo.es\/wp-content\/uploads\/2025\/04\/Manos-en-el-teclado-en-la-oficina-2.jpg 1200w, https:\/\/onoxvo.es\/wp-content\/uploads\/2025\/04\/Manos-en-el-teclado-en-la-oficina-2-300x168.jpg 300w, https:\/\/onoxvo.es\/wp-content\/uploads\/2025\/04\/Manos-en-el-teclado-en-la-oficina-2-1024x574.jpg 1024w, https:\/\/onoxvo.es\/wp-content\/uploads\/2025\/04\/Manos-en-el-teclado-en-la-oficina-2-768x431.jpg 768w\" sizes=\"auto, (max-width: 1200px) 100vw, 1200px\"><\/figure>\n\n<h3 class=\"gb-headline gb-headline-d983d751 gb-headline-text\">Recenzje K00411 2025: Czy jest to bezpieczna i wydajna platforma do zautomatyzowanego handlu?<\/h3>\n\n<p class=\"gb-headline gb-headline-4479dfb1 gb-headline-text\"><time class=\"entry-date published\" datetime=\"2025-05-28T08:07:12+00:00\">28 maja, 2025<\/time><\/p>\n\n<p class=\"gb-headline gb-headline-2b582abf\"><span class=\"gb-icon\"><svg xmlns=\"http:\/\/www.w3.org\/2000\/svg\" aria-hidden=\"true\" role=\"img\" height=\"1em\" width=\"1em\" viewbox=\"0 0 640 512\"><path fill=\"currentColor\" d=\"M497.941 225.941L286.059 14.059A48 48 0 0 0 252.118 0H48C21.49 0 0 21.49 0 48v204.118a48 48 0 0 0 14.059 33.941l211.882 211.882c18.744 18.745 49.136 18.746 67.882 0l204.118-204.118c18.745-18.745 18.745-49.137 0-67.882zM112 160c-26.51 0-48-21.49-48-48s21.49-48 48-48 48 21.49 48 48-21.49 48-48 48zm513.941 133.823L421.823 497.941c-18.745 18.745-49.137 18.745-67.882 0l-.36-.36L527.64 323.522c16.999-16.999 26.36-39.6 26.36-63.64s-9.362-46.641-26.36-63.64L331.397 0h48.721a48 48 0 0 1 33.941 14.059l211.882 211.882c18.745 18.745 18.745 49.137 0 67.882z\"><\/path><\/svg><\/span><span class=\"gb-headline-text\"><span class=\"post-term-item term-opinie\">Opinie<\/span><\/span><\/p>\n\n<p class=\"gb-headline gb-headline-f7b33596 gb-headline-text\">Jako analityk finansowy z ponad dziesi&#281;cioletnim do&#347;wiadczeniem w bran&#380;y technologii finansowych i certyfikatem CFA, pragn&#281; przedstawi&#263; Pa&#324;stwu jasny i obiektywny obraz platformy K00411, kt&oacute;ra przyci&#261;gn&#281;&#322;a uwag&#281; os&oacute;b chc&#261;cych zautomatyzowa&#263; handel kryptowalutami.<\/p>\n<\/div><\/div>\n\n<div class=\"gb-grid-column gb-grid-column-6d0708d1 gb-query-loop-item post-23812 post type-post status-publish format-standard has-post-thumbnail hentry category-opinie\"><div class=\"gb-container gb-container-6d0708d1\">\n<figure class=\"gb-block-image gb-block-image-66593d68\"><img loading=\"lazy\" decoding=\"async\" width=\"1200\" height=\"673\" src=\"https:\/\/onoxvo.es\/wp-content\/uploads\/2025\/04\/Manos-en-el-teclado-en-la-oficina-3.jpg\" class=\"gb-image-66593d68\" alt=\"Manos en el teclado en la oficina (3)\" srcset=\"https:\/\/onoxvo.es\/wp-content\/uploads\/2025\/04\/Manos-en-el-teclado-en-la-oficina-3.jpg 1200w, https:\/\/onoxvo.es\/wp-content\/uploads\/2025\/04\/Manos-en-el-teclado-en-la-oficina-3-300x168.jpg 300w, https:\/\/onoxvo.es\/wp-content\/uploads\/2025\/04\/Manos-en-el-teclado-en-la-oficina-3-1024x574.jpg 1024w, https:\/\/onoxvo.es\/wp-content\/uploads\/2025\/04\/Manos-en-el-teclado-en-la-oficina-3-768x431.jpg 768w\" sizes=\"auto, (max-width: 1200px) 100vw, 1200px\"><\/figure>\n\n<h3 class=\"gb-headline gb-headline-d983d751 gb-headline-text\">K00410: Szansa czy ryzyko? Pe&#322;na analiza tej zautomatyzowanej platformy handlowej<\/h3>\n\n<p class=\"gb-headline gb-headline-4479dfb1 gb-headline-text\"><time class=\"entry-date published\" datetime=\"2025-05-28T08:05:14+00:00\">28 maja, 2025<\/time><\/p>\n\n<p class=\"gb-headline gb-headline-2b582abf\"><span class=\"gb-icon\"><svg xmlns=\"http:\/\/www.w3.org\/2000\/svg\" aria-hidden=\"true\" role=\"img\" height=\"1em\" width=\"1em\" viewbox=\"0 0 640 512\"><path fill=\"currentColor\" d=\"M497.941 225.941L286.059 14.059A48 48 0 0 0 252.118 0H48C21.49 0 0 21.49 0 48v204.118a48 48 0 0 0 14.059 33.941l211.882 211.882c18.744 18.745 49.136 18.746 67.882 0l204.118-204.118c18.745-18.745 18.745-49.137 0-67.882zM112 160c-26.51 0-48-21.49-48-48s21.49-48 48-48 48 21.49 48 48-21.49 48-48 48zm513.941 133.823L421.823 497.941c-18.745 18.745-49.137 18.745-67.882 0l-.36-.36L527.64 323.522c16.999-16.999 26.36-39.6 26.36-63.64s-9.362-46.641-26.36-63.64L331.397 0h48.721a48 48 0 0 1 33.941 14.059l211.882 211.882c18.745 18.745 18.745 49.137 0 67.882z\"><\/path><\/svg><\/span><span class=\"gb-headline-text\"><span class=\"post-term-item term-opinie\">Opinie<\/span><\/span><\/p>\n\n<p class=\"gb-headline gb-headline-f7b33596 gb-headline-text\">Inwestowanie w kryptowaluty dla wielu os&oacute;b nadal stanowi wyzwanie, szczeg&oacute;lnie bior&#261;c pod uwag&#281; pojawienie si&#281; platform takich jak K00410, kt&oacute;re obiecuj&#261; si&#281; wyr&oacute;&#380;nia&#263; dzi&#281;ki rzekomo wysoce skutecznemu zautomatyzowanemu handlowi.<\/p>\n<\/div><\/div>\n\n<div class=\"gb-grid-column gb-grid-column-6d0708d1 gb-query-loop-item post-23820 post type-post status-publish format-standard has-post-thumbnail hentry category-opinie\"><div class=\"gb-container gb-container-6d0708d1\">\n<figure class=\"gb-block-image gb-block-image-66593d68\"><img loading=\"lazy\" decoding=\"async\" width=\"1200\" height=\"673\" src=\"https:\/\/onoxvo.es\/wp-content\/uploads\/2025\/03\/Aplicacion-de-comercio-telefonico-plegable-1-1.jpg\" class=\"gb-image-66593d68\" alt=\"K00409 Aplicaci&oacute;n de comercio telef&oacute;nico plegable (1)\" srcset=\"https:\/\/onoxvo.es\/wp-content\/uploads\/2025\/03\/Aplicacion-de-comercio-telefonico-plegable-1-1.jpg 1200w, https:\/\/onoxvo.es\/wp-content\/uploads\/2025\/03\/Aplicacion-de-comercio-telefonico-plegable-1-1-300x168.jpg 300w, https:\/\/onoxvo.es\/wp-content\/uploads\/2025\/03\/Aplicacion-de-comercio-telefonico-plegable-1-1-1024x574.jpg 1024w, https:\/\/onoxvo.es\/wp-content\/uploads\/2025\/03\/Aplicacion-de-comercio-telefonico-plegable-1-1-768x431.jpg 768w\" sizes=\"auto, (max-width: 1200px) 100vw, 1200px\"><\/figure>\n\n<h3 class=\"gb-headline gb-headline-d983d751 gb-headline-text\">K00409: Platforma do handlu kryptowalutami z technologi&#261; kwantow&#261; i dok&#322;adno&#347;ci&#261; 95%<\/h3>\n\n<p class=\"gb-headline gb-headline-4479dfb1 gb-headline-text\"><time class=\"entry-date published\" datetime=\"2025-05-28T08:03:30+00:00\">28 maja, 2025<\/time><\/p>\n\n<p class=\"gb-headline gb-headline-2b582abf\"><span class=\"gb-icon\"><svg xmlns=\"http:\/\/www.w3.org\/2000\/svg\" aria-hidden=\"true\" role=\"img\" height=\"1em\" width=\"1em\" viewbox=\"0 0 640 512\"><path fill=\"currentColor\" d=\"M497.941 225.941L286.059 14.059A48 48 0 0 0 252.118 0H48C21.49 0 0 21.49 0 48v204.118a48 48 0 0 0 14.059 33.941l211.882 211.882c18.744 18.745 49.136 18.746 67.882 0l204.118-204.118c18.745-18.745 18.745-49.137 0-67.882zM112 160c-26.51 0-48-21.49-48-48s21.49-48 48-48 48 21.49 48 48-21.49 48-48 48zm513.941 133.823L421.823 497.941c-18.745 18.745-49.137 18.745-67.882 0l-.36-.36L527.64 323.522c16.999-16.999 26.36-39.6 26.36-63.64s-9.362-46.641-26.36-63.64L331.397 0h48.721a48 48 0 0 1 33.941 14.059l211.882 211.882c18.745 18.745 18.745 49.137 0 67.882z\"><\/path><\/svg><\/span><span class=\"gb-headline-text\"><span class=\"post-term-item term-opinie\">Opinie<\/span><\/span><\/p>\n\n<p class=\"gb-headline gb-headline-f7b33596 gb-headline-text\">Niedawno mia&#322;em okazj&#281; dok&#322;adnie przetestowa&#263; platform&#281; K00409 i musz&#281; przyzna&#263;, &#380;e zrobi&#322;a na mnie bardzo pozytywne wra&#380;enie. Jego najwi&#281;ksz&#261; zalet&#261; jest bez w&#261;tpienia niezwyk&#322;a dok&#322;adno&#347;&#263;, kt&oacute;ra obiecuje przekroczy&#263; 95%.<\/p>\n<\/div><\/div>\n<\/div>\n\n<\/div>\n<\/div><div class=\"gb-container gb-container-fcae9bbb\">\n<div class=\"gb-container gb-container-35d5fc55\">\n\n<h2 class=\"gb-headline gb-headline-889efd6a gb-headline-text\"><mark style=\"background-color:#4daa50\" class=\"has-inline-color has-base-3-color\">Transformacja handlu kryptowalutami: innowacje dzi&#281;ki platformom AI<\/mark><\/h2>\n\n\n\n<p><a href=\"https:\/\/immediatecodeai.com\/pl\/\" target=\"_blank\" rel=\"noreferrer noopener\">Immediate Definity Ai<\/a> stanowi transformacyjn&#261; zmian&#281; w codziennym handlu, &#322;&#261;cz&#261;c zaawansowane funkcje, aktualny wgl&#261;d w rynek i prognozowanie oparte na sztucznej inteligencji. Posiada intuicyjny interfejs, odpowiedni dla trader&oacute;w na wszystkich poziomach zaawansowania.<\/p>\n\n<\/div>\n<\/div><div class=\"gb-container gb-container-b3185cf8\">\n<div class=\"gb-container gb-container-0abe0ffe\">\n\n<h2 class=\"gb-headline gb-headline-50d7a6cd gb-headline-text\"><mark style=\"background-color:#4daa50\" class=\"has-inline-color has-base-3-color\">Czym jest Bitcoin?<\/mark><\/h2>\n\n\n\n<p class=\"gb-headline gb-headline-543c295e gb-headline-text\">&nbsp;B<strong>itcoin<\/strong> to wirtualna i niematerialna waluta. &nbsp; Innymi s&#322;owy, nie mo&#380;na go dotkn&#261;&#263; w &#380;adnej z jego form, takich jak monety lub banknoty, ale mo&#380;e by&#263; u&#380;ywany jako &#347;rodek p&#322;atniczy w taki sam spos&oacute;b jak monety lub banknoty.<\/p>\n\n<\/div>\n<\/div><div class=\"gb-container gb-container-84ad9ec2\">\n<div class=\"gb-container gb-container-ced94517\">\n\n<h2 class=\"gb-headline gb-headline-0844419d gb-headline-text\"><mark style=\"background-color:#4daa50\" class=\"has-inline-color has-base-3-color\">Legenda<\/mark><\/h2>\n\n\n\n<figure class=\"wp-block-table is-style-stripes\"><table><tbody><tr><td class=\"has-text-align-left\" data-align=\"left\">Kran<\/td><td>Strona internetowa, kt&oacute;ra od czasu do czasu da nam pewn&#261; dawk&#281; shatozy.<\/td><\/tr><tr><td class=\"has-text-align-left\" data-align=\"left\">Satoshi<\/td><td>1 satoshi jest r&oacute;wny: 0.00000001 BTC (patrz tabela poni&#380;ej).<\/td><\/tr><tr><td class=\"has-text-align-left\" data-align=\"left\">Pogoda<\/td><td>Czas, jaki b&#281;dziemy musieli odczeka&#263;, aby ponownie ubiega&#263; si&#281; o zarobki.<\/td><\/tr><tr><td class=\"has-text-align-left\" data-align=\"left\">Zyski<\/td><td>Wygrane, kt&oacute;re b&#281;dziemy mogli zarobi&#263; w odpowiednim Tap przy ka&#380;dym roszczeniu.<\/td><\/tr><tr><td class=\"has-text-align-left\" data-align=\"left\">Minimum<\/td><td>Niekt&oacute;re krany wysy&#322;aj&#261; wygrane po osi&#261;gni&#281;ciu okre&#347;lonego limitu.<\/td><\/tr><tr><td class=\"has-text-align-left\" data-align=\"left\">Roszczenie<\/td><td>Za ka&#380;dym razem, gdy wejdziemy do Tap, zdob&#281;dziemy satoshis.<\/td><\/tr><tr><td class=\"has-text-align-left\" data-align=\"left\">Torebka<\/td><td>Nasze zarobki trafi&#261; do naszego portfela bezpo&#347;rednio lub poprzez po&#347;rednika, takiego jak FaucetBox.<\/td><\/tr><tr><td class=\"has-text-align-left\" data-align=\"left\">FaucetBox<\/td><td>Jest to tymczasowa &bdquo;sakiewka&rdquo;, w kt&oacute;rej gromadzone s&#261; wszystkie wygrane uzyskane w Taps. FaucetBox wy&#347;le nam wszystko w ramach jednej transakcji.<\/td><\/tr><tr><td class=\"has-text-align-left\" data-align=\"left\">MicroWallet<\/td><td>Jest to kolejna strona, kt&oacute;ra robi to samo, co FaucetBox.<\/td><\/tr><tr><td class=\"has-text-align-left\" data-align=\"left\">&#127379;<\/td><td>Zarobisz 25% wi&#281;cej, je&#347;li u&#380;yjesz zweryfikowanego adresu e-mail w XAPO, aby odebra&#263; wygrane z tych kran&oacute;w.<\/td><\/tr><tr><td class=\"has-text-align-left\" data-align=\"left\">&#128077;<\/td><td>Stan tego kranu jest prawid&#322;owy.<\/td><\/tr><tr><td class=\"has-text-align-left\" data-align=\"left\">&#128267;<\/td><td>Ten kran nie ma funduszy, to tylko kwestia godzin, zanim dodadz&#261; wi&#281;cej satoshi.<\/td><\/tr><\/tbody><\/table><\/figure>\n\n<\/div>\n<\/div><div class=\"gb-container gb-container-a34aacc9\">\n<div class=\"gb-container gb-container-75a2645b\">\n\n<h2 class=\"gb-headline gb-headline-be71062a gb-headline-text\"><mark style=\"background-color:#4daa50\" class=\"has-inline-color has-base-3-color\">Co to jest Griffin?<\/mark><\/h2>\n\n\n\n<p class=\"gb-headline gb-headline-dc54a0eb gb-headline-text\">Faucets to strony internetowe, kt&oacute;re dokonuj&#261; &bdquo;mikrop&#322;atno&#347;ci&rdquo; tym, kt&oacute;rzy od czasu do czasu odwiedzaj&#261; te strony, otrzymuj&#261;c niewielk&#261; zach&#281;t&#281; w Bitcoinach lub innych kryptowalutach.<\/p>\n\n<\/div>\n<\/div><div class=\"gb-container gb-container-88361467\">\n<div class=\"gb-container gb-container-5bbd2d12\">\n\n<h2 class=\"gb-headline gb-headline-98ada489 gb-headline-text\"><mark style=\"background-color:#4daa50\" class=\"has-inline-color has-base-3-color\">Czym jest Faucetbox?<\/mark><\/h2>\n\n\n\n<p>FaucetBox jest akumulatorem lub tymczasowym po&#347;rednikiem bitcoin&oacute;w u&#380;ywanym przez wi&#281;kszo&#347;&#263; kran&oacute;w do p&#322;acenia u&#380;ytkownikom.<\/p>\n\n\n\n<p>Nie ma potrzeby tworzenia konta na FaucetBox, po wprowadzeniu adresu portfela na dowolnym kranie, b&#281;dzie on dost&#281;pny na FaucetBox.<\/p>\n\n\n\n<p>Zaleta polega na tym, &#380;e satoshis wszystkich tych kran&oacute;w, z kt&oacute;rych &#380;&#261;damy zarobk&oacute;w, s&#261; gromadzone, dzi&#281;ki czemu po osi&#261;gni&#281;ciu limitu ustawionego przez nas w FaucetBox nast&#281;puje przelew do naszego portfela.<\/p>\n\n\n\n<p>Aby zobaczy&#263; zgromadzone saldo i ile pozosta&#322;o do automatycznej wyp&#322;aty zgromadzonych satoshis, wystarczy zalogowa&#263; si&#281; na stronie faucetbox.com i wprowadzi&#263; adres bitcoin, kt&oacute;rego u&#380;ywasz do zarabiania w odpowiednich Taps. Stamt&#261;d b&#281;dziemy mogli szczeg&oacute;&#322;owo i natychmiastowo zobaczy&#263; wygrane uzyskane w r&oacute;&#380;nych zak&#322;adach oraz r&oacute;&#380;ne dane graficzne i statystyczne.<\/p>\n\n\n\n<p>Dlatego te&#380; nale&#380;y pami&#281;ta&#263;, &#380;e je&#347;li u&#380;yjemy kilku r&oacute;&#380;nych identyfikator&oacute;w w r&oacute;&#380;nych kranach, zdywersyfikujemy nasze zarobki w FaucetBox.<\/p>\n\n\n\n<p>Adres naszego konta sk&#322;ada si&#281; z kilku cyfr i liter: 33MtzzoVTACuGkdnkv4CFD15RTLLDEDmuv<\/p>\n\n<\/div>\n<\/div><div class=\"gb-container gb-container-38a4e2c2\">\n<div class=\"gb-container gb-container-aef61730\">\n\n<h2 class=\"gb-headline gb-headline-d1c67917 gb-headline-text\"><mark style=\"background-color:#4daa50\" class=\"has-inline-color has-base-3-color\">Jak korzysta&#263; z XAPO?<\/mark><\/h2>\n\n\n\n<p>U&#380;ytkownicy XAPO b&#281;d&#261; mogli natychmiast odebra&#263; wygrane do swojego portfela we wszystkich Faucetach, kt&oacute;re maj&#261; zintegrowane XAPO.<\/p>\n\n\n\n<p>Aby to zrobi&#263;, wystarczy poprosi&#263; o zarobki, dodaj&#261;c adres e-mail powi&#261;zany z XAPO, kt&oacute;ry b&#281;dzie naszym identyfikatorem.<\/p>\n\n\n\n<p>Oznacza to, &#380;e zamiast umieszcza&#263; identyfikator naszego konta, taki jak: 33MtzzoVTACuGkdnkv4CFD15RTLLDEDmuv, umie&#347;cimy e-mail.<\/p>\n\n\n\n<p>Dodaj&#261;c adres e-mail, b&#281;dziemy mogli wysy&#322;a&#263; wygrane bezpo&#347;rednio do naszego portfela XAPO bez konieczno&#347;ci przechodzenia przez FaucetBox. Je&#347;li z drugiej strony umie&#347;cimy nasz identyfikator sk&#322;adaj&#261;cy si&#281; z cyfr i liter, zarobki te trafi&#261; do FauceBox lub &bdquo;X&rdquo;, a stamt&#261;d do naszego osobistego portfela.<\/p>\n\n<\/div>\n<\/div>\n","protected":false},"excerpt":{"rendered":"<p>Jeste&#347; zainteresowany Transformacja handlu kryptowalutami: innowacje dzi&#281;ki platformom AI Immediate Definity Ai stanowi transformacyjn&#261; zmian&#281; w codziennym handlu, &#322;&#261;cz&#261;c zaawansowane funkcje, aktualny wgl&#261;d w rynek i prognozowanie oparte na sztucznej inteligencji. Posiada intuicyjny interfejs, odpowiedni dla trader&oacute;w na wszystkich poziomach zaawansowania. Czym jest Bitcoin? &nbsp;Bitcoin to wirtualna i niematerialna waluta. &nbsp; Innymi s&#322;owy, nie mo&#380;na &#8230; <a title=\"Strona g\u0142\u00f3wna\" class=\"read-more\" href=\"https:\/\/onoxvo.es\/pl\/\" aria-label=\"Dowiedz si\u0119 wi\u0119cej o Strona g\u0142\u00f3wna\">Leer m\u00e1s<\/a><\/p>\n","protected":false},"author":1,"featured_media":0,"parent":0,"menu_order":0,"comment_status":"closed","ping_status":"closed","template":"","meta":{"footnotes":""},"class_list":["post-6520","page","type-page","status-publish"],"rank_math_title":"ONOXVO | Zdob\u0105d\u017a darmowe Bitcoiny odwiedzaj\u0105c Faucets","rank_math_description":"Zarabiaj darmowe Bitcoiny odwiedzaj\u0105c krany","rank_math_focus_keyword":"Bitcoin","_links":{"self":[{"href":"https:\/\/onoxvo.es\/pl\/wp-json\/wp\/v2\/pages\/6520","targetHints":{"allow":["GET"]}}],"collection":[{"href":"https:\/\/onoxvo.es\/pl\/wp-json\/wp\/v2\/pages"}],"about":[{"href":"https:\/\/onoxvo.es\/pl\/wp-json\/wp\/v2\/types\/page"}],"author":[{"embeddable":true,"href":"https:\/\/onoxvo.es\/pl\/wp-json\/wp\/v2\/users\/1"}],"replies":[{"embeddable":true,"href":"https:\/\/onoxvo.es\/pl\/wp-json\/wp\/v2\/comments?post=6520"}],"version-history":[{"count":0,"href":"https:\/\/onoxvo.es\/pl\/wp-json\/wp\/v2\/pages\/6520\/revisions"}],"wp:attachment":[{"href":"https:\/\/onoxvo.es\/pl\/wp-json\/wp\/v2\/media?parent=6520"}],"curies":[{"name":"wp","href":"https:\/\/api.w.org\/{rel}","templated":true}]}}