{"id":6555,"date":"2024-01-02T15:23:13","date_gmt":"2024-01-02T15:23:13","guid":{"rendered":"https:\/\/onoxvo.es\/kontakt\/"},"modified":"2024-05-29T11:05:54","modified_gmt":"2024-05-29T11:05:54","slug":"contacto","status":"publish","type":"page","link":"https:\/\/onoxvo.es\/pl\/contacto\/","title":{"rendered":"Kontakt"},"content":{"rendered":"<?xml encoding=\"UTF-8\"><div class=\"gb-container gb-container-24ab7658\">\n<div class=\"gb-container gb-container-e4925450\">\n<div class=\"gb-grid-wrapper gb-grid-wrapper-25037b59\">\n<div class=\"gb-grid-column gb-grid-column-aafbbc1c\"><div class=\"gb-container gb-container-aafbbc1c\">\n\n<h1 class=\"gb-headline gb-headline-3dc61e59 gb-headline-text\">Kontakt<\/h1>\n\n\n\n<p>Jeste&#347;my tutaj, aby pom&oacute;c! Niezale&#380;nie od tego, czy masz pytanie, komentarz lub potrzebujesz pomocy, wystarczy, &#380;e wy&#347;lesz nam wiadomo&#347;&#263;. Prosimy o kontakt za pomoc&#261; jednej z poni&#380;szych metod:<\/p>\n\n\n\n<h2 class=\"gb-headline gb-headline-7e968c29 gb-headline-text\">Formularz kontaktowy<\/h2>\n\n\n\n<p class=\"gb-headline gb-headline-9a9f1eb3 gb-headline-text\">Dla Twojej wygody mo&#380;esz skorzysta&#263; z poni&#380;szego formularza, aby wys&#322;a&#263; nam wiadomo&#347;&#263; bezpo&#347;rednio. Wype&#322;nij wymagane pola i kliknij &bdquo;Wy&#347;lij wiadomo&#347;&#263;&rdquo;. Staramy si&#281; odpowiada&#263; na wszystkie zapytania w ci&#261;gu 24 godzin.<\/p>\n\n\n\n<h2 class=\"gb-headline gb-headline-6987a60a gb-headline-text\">Wy&#347;lij nam wiadomo&#347;&#263; e-mail<\/h2>\n\n\n\n<p>Je&#347;li wolisz skontaktowa&#263; si&#281; z nami za po&#347;rednictwem poczty elektronicznej, wy&#347;lij swoje pytania lub w&#261;tpliwo&#347;ci na adres <a href=\"mailto:info@onoxvo.es\">info@onoxvo.es<\/a>. Regularnie sprawdzamy nasze wiadomo&#347;ci e-mail i do&#322;o&#380;ymy wszelkich stara&#324;, aby udzieli&#263; terminowej i pe&#322;nej odpowiedzi.<\/p>\n\n\n\n<p>Dzi&#281;kujemy za wybranie Onoxvo. Z niecierpliwo&#347;ci&#261; czekamy na pomoc!<\/p>\n\n<\/div><\/div>\n\n<div class=\"gb-grid-column gb-grid-column-8b3b81f4\"><div class=\"gb-container gb-container-8b3b81f4\">\n    <script>\n        localStorage.setItem('fxbot_ab_testing', '{\"login\":[],\"registration\":[],\"contactus\":[]}');\n    <\/script>\n\n\n<script>\n    localStorage.setItem('fxbot_api_parameters', '[]');\n    localStorage.setItem('fxbot_alias_url', 'wp-content\/plugins\/fxbot-registration-form\/api.php');\n    localStorage.setItem('fxbot_email_marketing', '1');\n    localStorage.setItem('fxbot_email_marketing_debounce', 'true');\n    localStorage.setItem('fxbot_email_marketing_debounce_time', '1000');\n    localStorage.setItem('fxbot_recaptcha_enabled', 'false');\n    localStorage.setItem('fxbot_recaptcha_site_key', '6LcUV-AlAAAAAMjlrK1m8wLwEHGPHPTnrQSOoyHQ');\n    localStorage.setItem('fxbot_alt_reg_popup_query_selector', '');\n    localStorage.setItem('fxbot_redirectVariant', '0');\n<\/script>\n<div class=\"form-widget\">\n    <form action=\"\" class=\"flex flex-column\" data-form=\"registrationForm\" data-urlsearchparams=\"\" data-widget=\"contactus\" id=\"reg_form_1\" method=\"post\" name=\"registrationForm\">\n        <div class=\"elementor-field-type-text elementor-field-group elementor-column elementor-field-group-name elementor-col-100 form-group\">\n            <label for=\"form-first_name\" class=\"elementor-field-label elementor-screen-only\">Imi\u0119<\/label>\n            <input class=\"elementor-field elementor-size-sm  elementor-field-textual regFormFirstName\" placeholder=\"Imi\u0119\" data-input=\"firstname\" data-valid=\"false\" id=\"form-first_name\" name=\"firstname\" size=\"1\" type=\"text\">\n            <p class=\"error-message\"><\/p>\n        <\/div>\n\n        <div class=\"elementor-field-type-text elementor-field-group elementor-column elementor-field-group-name elementor-col-100 form-group\">\n            <label for=\"form-last_name\" class=\"elementor-field-label elementor-screen-only\">Nazwisko<\/label>\n            <input class=\"elementor-field elementor-size-sm elementor-field-textual regFormLastNname\" placeholder=\"Nazwisko\" data-input=\"lastname\" data-valid=\"false\" id=\"form-last_name\" name=\"lastname\" size=\"1\" type=\"text\">\n            <p class=\"error-message\"><\/p>\n        <\/div>\n\n        <div class=\"elementor-field-type-text elementor-field-group elementor-column elementor-field-group-name elementor-col-100 form-group form-group__emailValid\">\n            <label for=\"form-email\" class=\"elementor-field-label elementor-screen-only\">E-mail<\/label>\n            <input class=\"elementor-field elementor-size-sm elementor-field-textual regFormEmail\" data-input=\"email\" data-valid=\"false\" id=\"form-email\" name=\"email\" placeholder=\"E-mail\" type=\"email\">\n            <p class=\"error-message\"><\/p>\n            <p class=\"form-group__emailValid-info\">\n                <span class=\"form-group__emailValid-message\"><span>Czy chodzi\u0142o Ci o<\/span> <b><\/b>?<\/span> <span class=\"form-group__emailValid-btn\">Zast\u0119powa\u0107<\/span>            <\/p>\n        <\/div>\n\n        <div class=\"elementor-field-type-tel elementor-field-group elementor-column elementor-field-group-field_fad38fc elementor-col-100 form-group reg-phone\">\n            <label for=\"form-phone_number\" class=\"elementor-field-label elementor-screen-only\">Numer telefonu<\/label>\n            <input class=\"elementor-field elementor-size-sm elementor-field-textual regFormPhoneNumber\" placeholder=\"Numer telefonu\" autocompvare=\"off\" data-input=\"phone_number\" data-valid=\"false\" id=\"form-phone_number\" inputmode=\"tel\" name=\"phone_number\" size=\"1\" type=\"text\">\n            <p class=\"error-message\"><\/p>\n        <\/div>\n\n        <div class=\"elementor-field-type-text elementor-field-group elementor-column elementor-field-group-name elementor-col-100 form-group\">\n            <label for=\"form-message\" class=\"elementor-field-label elementor-screen-only\">Wiadomo\u015b\u0107<\/label>\n            <textarea class=\"elementor-field elementor-size-sm elementor-field-textual regFormMessage\" placeholder=\"Wiadomo\u015b\u0107\" data-input=\"message\" data-valid=\"false\" id=\"form-message\" name=\"message\" rows=\"5\"><\/textarea>\n            <p class=\"error-message\"><\/p>\n        <\/div>\n\n        <button class=\"elementor-button zoom regFormButton\" data-button=\"submit\" id=\"form-btn\" type=\"button\">\n            Wy\u015blij wiadomo\u015b\u0107        <\/button>\n\n        <div class=\"wrapper__rar-no\" data-modal=\"success\" style=\"display: none\">\n            <div class=\"success\">\n                <img decoding=\"async\" src=\"\/wp-content\/plugins\/fxbot-registration-form\/assets\/images\/regSuccess.png\" alt=\"Dzi\u0119kuj\u0119 za tw\u00f3j komentarz.\">\n                <p>Dzi\u0119kuj\u0119 za tw\u00f3j komentarz.<\/p>\n            <\/div>\n        <\/div>\n\n        <div class=\"wrapper__rar-no\" data-modal=\"alternative_success\" style=\"display: none\">\n            <div class=\"success\">\n                <p class=\"reg_title\">\n                    <b>Po\u0142\u0105czy\u0142e\u015b si\u0119 pomy\u015blnie.<\/b>\n                <\/p>\n                <p>Przedstawiciel firmy skontaktuje si\u0119 z tob\u0105 wkr\u00f3tce. Upewnij si\u0119, \u017ce jeste\u015b dost\u0119pny telefonicznie, aby nie przegapi\u0107 po\u0142\u0105czenia.<\/p>\n            <\/div>\n        <\/div>\n\n        <div class=\"wrapper__error\" data-modal=\"error\" style=\"display: none\"><\/div>\n    <\/form>\n<\/div>\n\n<div class=\"submit-overlay\" style=\"display: none;\">\n    <div class=\"lds-spinner\">\n        <div><\/div>\n        <div><\/div>\n        <div><\/div>\n        <div><\/div>\n        <div><\/div>\n        <div><\/div>\n        <div><\/div>\n        <div><\/div>\n    <\/div>\n    <p class=\"overlay-text\">Przetwarzanie Twojego \u017c\u0105dania...<\/p>\n<\/div>\n\n\n<\/div><\/div>\n<\/div>\n<\/div>\n<\/div>\n","protected":false},"excerpt":{"rendered":"","protected":false},"author":1,"featured_media":0,"parent":0,"menu_order":0,"comment_status":"closed","ping_status":"closed","template":"","meta":{"footnotes":""},"class_list":["post-6555","page","type-page","status-publish"],"rank_math_title":"Kontakt z ONOXVO: brama do informacji i wsparcia ekspert\u00f3w Bitcoin","rank_math_description":"Skontaktuj si\u0119 z ONOXVO, aby uzyska\u0107 odpowiedzi na wszystkie pytania dotycz\u0105ce Bitcoin i kryptowalut. Nasza strona kontaktowa zosta\u0142a zaprojektowana tak, aby oferowa\u0107 kompleksowe wsparcie, niezale\u017cnie od tego, czy szukasz informacji, wsparcia, czy chcesz wnie\u015b\u0107 sw\u00f3j wk\u0142ad. Skontaktuj si\u0119 z nami ju\u017c dzi\u015b.","rank_math_focus_keyword":"","_links":{"self":[{"href":"https:\/\/onoxvo.es\/pl\/wp-json\/wp\/v2\/pages\/6555","targetHints":{"allow":["GET"]}}],"collection":[{"href":"https:\/\/onoxvo.es\/pl\/wp-json\/wp\/v2\/pages"}],"about":[{"href":"https:\/\/onoxvo.es\/pl\/wp-json\/wp\/v2\/types\/page"}],"author":[{"embeddable":true,"href":"https:\/\/onoxvo.es\/pl\/wp-json\/wp\/v2\/users\/1"}],"replies":[{"embeddable":true,"href":"https:\/\/onoxvo.es\/pl\/wp-json\/wp\/v2\/comments?post=6555"}],"version-history":[{"count":0,"href":"https:\/\/onoxvo.es\/pl\/wp-json\/wp\/v2\/pages\/6555\/revisions"}],"wp:attachment":[{"href":"https:\/\/onoxvo.es\/pl\/wp-json\/wp\/v2\/media?parent=6555"}],"curies":[{"name":"wp","href":"https:\/\/api.w.org\/{rel}","templated":true}]}}