{"id":3469,"date":"2024-01-02T15:23:13","date_gmt":"2024-01-02T15:23:13","guid":{"rendered":"https:\/\/onoxvo.es\/contato\/"},"modified":"2024-05-14T15:19:40","modified_gmt":"2024-05-14T15:19:40","slug":"contacto","status":"publish","type":"page","link":"https:\/\/onoxvo.es\/pt-br\/contacto\/","title":{"rendered":"Contato"},"content":{"rendered":"<?xml encoding=\"UTF-8\"><div class=\"gb-container gb-container-24ab7658\">\n<div class=\"gb-container gb-container-e4925450\">\n<div class=\"gb-grid-wrapper gb-grid-wrapper-25037b59\">\n<div class=\"gb-grid-column gb-grid-column-aafbbc1c\"><div class=\"gb-container gb-container-aafbbc1c\">\n\n<h1 class=\"gb-headline gb-headline-3dc61e59 gb-headline-text\">Contato<\/h1>\n\n\n\n<p>Estamos aqui para ajudar voc&ecirc;! Se voc&ecirc; tiver uma pergunta, um coment&aacute;rio ou precisar de ajuda, estamos a apenas uma mensagem de dist&acirc;ncia. Fique &agrave; vontade para entrar em contato conosco por um dos seguintes m&eacute;todos:<\/p>\n\n\n\n<h2 class=\"gb-headline gb-headline-7e968c29 gb-headline-text\">Formul&aacute;rio de contato<\/h2>\n\n\n\n<p class=\"gb-headline gb-headline-9a9f1eb3 gb-headline-text\">Para sua conveni&ecirc;ncia, voc&ecirc; pode usar o formul&aacute;rio abaixo para nos enviar uma mensagem diretamente. Preencha os campos obrigat&oacute;rios e clique em &ldquo;Enviar mensagem&rdquo;. Nosso objetivo &eacute; responder a todas as perguntas dentro de 24 horas.<\/p>\n\n\n\n<h2 class=\"gb-headline gb-headline-6987a60a gb-headline-text\">Envie-nos um e-mail<\/h2>\n\n\n\n<p>Se voc&ecirc; preferir entrar em contato conosco por e-mail, envie suas d&uacute;vidas ou preocupa&ccedil;&otilde;es para <a href=\"mailto:info@onoxvo.es\">info@onoxvo.es.<\/a> Verificamos nossos e-mails regularmente e faremos o poss&iacute;vel para fornecer a voc&ecirc; uma resposta completa e em tempo h&aacute;bil.<\/p>\n\n\n\n<p>Obrigado por voc&ecirc; ter escolhido a Onoxvo. Estamos ansiosos para ajudar voc&ecirc;!<\/p>\n\n<\/div><\/div>\n\n<div class=\"gb-grid-column gb-grid-column-8b3b81f4\"><div class=\"gb-container gb-container-8b3b81f4\">\n    <script>\n        localStorage.setItem('fxbot_ab_testing', '{\"login\":[],\"registration\":[],\"contactus\":[]}');\n    <\/script>\n\n\n<script>\n    localStorage.setItem('fxbot_api_parameters', '[]');\n    localStorage.setItem('fxbot_alias_url', 'wp-content\/plugins\/fxbot-registration-form\/api.php');\n    localStorage.setItem('fxbot_email_marketing', '1');\n    localStorage.setItem('fxbot_email_marketing_debounce', 'true');\n    localStorage.setItem('fxbot_email_marketing_debounce_time', '1000');\n    localStorage.setItem('fxbot_recaptcha_enabled', 'false');\n    localStorage.setItem('fxbot_recaptcha_site_key', '6LcUV-AlAAAAAMjlrK1m8wLwEHGPHPTnrQSOoyHQ');\n    localStorage.setItem('fxbot_alt_reg_popup_query_selector', '');\n    localStorage.setItem('fxbot_redirectVariant', '0');\n<\/script>\n<div class=\"form-widget\">\n    <form action=\"\" class=\"flex flex-column\" data-form=\"registrationForm\" data-urlsearchparams=\"\" data-widget=\"contactus\" id=\"reg_form_1\" method=\"post\" name=\"registrationForm\">\n        <div class=\"elementor-field-type-text elementor-field-group elementor-column elementor-field-group-name elementor-col-100 form-group\">\n            <label for=\"form-first_name\" class=\"elementor-field-label elementor-screen-only\">Primeiro nome<\/label>\n            <input class=\"elementor-field elementor-size-sm  elementor-field-textual regFormFirstName\" placeholder=\"Primeiro nome\" data-input=\"firstname\" data-valid=\"false\" id=\"form-first_name\" name=\"firstname\" size=\"1\" type=\"text\">\n            <p class=\"error-message\"><\/p>\n        <\/div>\n\n        <div class=\"elementor-field-type-text elementor-field-group elementor-column elementor-field-group-name elementor-col-100 form-group\">\n            <label for=\"form-last_name\" class=\"elementor-field-label elementor-screen-only\">Sobrenome<\/label>\n            <input class=\"elementor-field elementor-size-sm elementor-field-textual regFormLastNname\" placeholder=\"Sobrenome\" data-input=\"lastname\" data-valid=\"false\" id=\"form-last_name\" name=\"lastname\" size=\"1\" type=\"text\">\n            <p class=\"error-message\"><\/p>\n        <\/div>\n\n        <div class=\"elementor-field-type-text elementor-field-group elementor-column elementor-field-group-name elementor-col-100 form-group form-group__emailValid\">\n            <label for=\"form-email\" class=\"elementor-field-label elementor-screen-only\">E-mail<\/label>\n            <input class=\"elementor-field elementor-size-sm elementor-field-textual regFormEmail\" data-input=\"email\" data-valid=\"false\" id=\"form-email\" name=\"email\" placeholder=\"E-mail\" type=\"email\">\n            <p class=\"error-message\"><\/p>\n            <p class=\"form-group__emailValid-info\">\n                <span class=\"form-group__emailValid-message\"><span>Voc\u00ea quis dizer<\/span> <b><\/b>?<\/span> <span class=\"form-group__emailValid-btn\">Substituir<\/span>            <\/p>\n        <\/div>\n\n        <div class=\"elementor-field-type-tel elementor-field-group elementor-column elementor-field-group-field_fad38fc elementor-col-100 form-group reg-phone\">\n            <label for=\"form-phone_number\" class=\"elementor-field-label elementor-screen-only\">N\u00famero de telefone<\/label>\n            <input class=\"elementor-field elementor-size-sm elementor-field-textual regFormPhoneNumber\" placeholder=\"N\u00famero de telefone\" autocompvare=\"off\" data-input=\"phone_number\" data-valid=\"false\" id=\"form-phone_number\" inputmode=\"tel\" name=\"phone_number\" size=\"1\" type=\"text\">\n            <p class=\"error-message\"><\/p>\n        <\/div>\n\n        <div class=\"elementor-field-type-text elementor-field-group elementor-column elementor-field-group-name elementor-col-100 form-group\">\n            <label for=\"form-message\" class=\"elementor-field-label elementor-screen-only\">Mensagem<\/label>\n            <textarea class=\"elementor-field elementor-size-sm elementor-field-textual regFormMessage\" placeholder=\"Mensagem\" data-input=\"message\" data-valid=\"false\" id=\"form-message\" name=\"message\" rows=\"5\"><\/textarea>\n            <p class=\"error-message\"><\/p>\n        <\/div>\n\n        <button class=\"elementor-button zoom regFormButton\" data-button=\"submit\" id=\"form-btn\" type=\"button\">\n            Enviar mensagem        <\/button>\n\n        <div class=\"wrapper__rar-no\" data-modal=\"success\" style=\"display: none\">\n            <div class=\"success\">\n                <img decoding=\"async\" src=\"\/wp-content\/plugins\/fxbot-registration-form\/assets\/images\/regSuccess.png\" alt=\"Obrigado pelo seu feedback!\">\n                <p>Obrigado pelo seu feedback!<\/p>\n            <\/div>\n        <\/div>\n\n        <div class=\"wrapper__rar-no\" data-modal=\"alternative_success\" style=\"display: none\">\n            <div class=\"success\">\n                <p class=\"reg_title\">\n                    <b>Voc\u00ea conectou-se com sucesso.<\/b>\n                <\/p>\n                <p>Um agente da empresa entrar\u00e1 em contato em breve. Por favor, certifique-se de estar dispon\u00edvel por telefone para n\u00e3o perder a chamada.<\/p>\n            <\/div>\n        <\/div>\n\n        <div class=\"wrapper__error\" data-modal=\"error\" style=\"display: none\"><\/div>\n    <\/form>\n<\/div>\n\n<div class=\"submit-overlay\" style=\"display: none;\">\n    <div class=\"lds-spinner\">\n        <div><\/div>\n        <div><\/div>\n        <div><\/div>\n        <div><\/div>\n        <div><\/div>\n        <div><\/div>\n        <div><\/div>\n        <div><\/div>\n    <\/div>\n    <p class=\"overlay-text\">Processando sua solicita\u00e7\u00e3o...<\/p>\n<\/div>\n\n\n<\/div><\/div>\n<\/div>\n<\/div>\n<\/div>\n","protected":false},"excerpt":{"rendered":"","protected":false},"author":1,"featured_media":0,"parent":0,"menu_order":0,"comment_status":"closed","ping_status":"closed","template":"","meta":{"footnotes":""},"class_list":["post-3469","page","type-page","status-publish"],"rank_math_title":"Entre em contato com a ONOXVO: sua porta de entrada para informa\u00e7\u00f5es e suporte especializados sobre Bitcoin","rank_math_description":"Entre em contato com a ONOXVO para tirar todas as suas d\u00favidas sobre Bitcoin e criptomoeda. Nossa p\u00e1gina de contato foi projetada para oferecer suporte abrangente, quer voc\u00ea esteja buscando informa\u00e7\u00f5es, suporte ou queira contribuir. Entre em contato conosco hoje mesmo.","rank_math_focus_keyword":"","_links":{"self":[{"href":"https:\/\/onoxvo.es\/pt-br\/wp-json\/wp\/v2\/pages\/3469","targetHints":{"allow":["GET"]}}],"collection":[{"href":"https:\/\/onoxvo.es\/pt-br\/wp-json\/wp\/v2\/pages"}],"about":[{"href":"https:\/\/onoxvo.es\/pt-br\/wp-json\/wp\/v2\/types\/page"}],"author":[{"embeddable":true,"href":"https:\/\/onoxvo.es\/pt-br\/wp-json\/wp\/v2\/users\/1"}],"replies":[{"embeddable":true,"href":"https:\/\/onoxvo.es\/pt-br\/wp-json\/wp\/v2\/comments?post=3469"}],"version-history":[{"count":0,"href":"https:\/\/onoxvo.es\/pt-br\/wp-json\/wp\/v2\/pages\/3469\/revisions"}],"wp:attachment":[{"href":"https:\/\/onoxvo.es\/pt-br\/wp-json\/wp\/v2\/media?parent=3469"}],"curies":[{"name":"wp","href":"https:\/\/api.w.org\/{rel}","templated":true}]}}