{"id":6530,"date":"2024-01-02T11:06:33","date_gmt":"2024-01-02T11:06:33","guid":{"rendered":"https:\/\/onoxvo.es\/ana-sayfa\/"},"modified":"2024-05-29T11:04:05","modified_gmt":"2024-05-29T11:04:05","slug":"home","status":"publish","type":"page","link":"https:\/\/onoxvo.es\/tr\/","title":{"rendered":"Ana Sayfa"},"content":{"rendered":"<?xml encoding=\"UTF-8\"><div class=\"gb-container gb-container-d948d37c\">\n<div class=\"gb-container gb-container-d1d48d47\">\n\n<h2 class=\"gb-headline gb-headline-3c30758a gb-headline-text\"><mark style=\"background-color:#4daa50\" class=\"has-inline-color has-base-3-color\">&#350;unlarla ilgileniyorsunuz<\/mark><\/h2>\n\n\n\n<div class=\"gb-grid-wrapper gb-grid-wrapper-bc3d22cc gb-query-loop-wrapper\">\n<div class=\"gb-grid-column gb-grid-column-6d0708d1 gb-query-loop-item post-23808 post type-post status-publish format-standard has-post-thumbnail hentry category-opiniones\"><div class=\"gb-container gb-container-6d0708d1\">\n<figure class=\"gb-block-image gb-block-image-66593d68\"><img loading=\"lazy\" decoding=\"async\" width=\"1200\" height=\"673\" src=\"https:\/\/onoxvo.es\/wp-content\/uploads\/2025\/04\/Manos-en-el-teclado-en-la-oficina-2.jpg\" class=\"gb-image-66593d68\" alt=\"K00411 Manos en el teclado en la oficina (2)\" srcset=\"https:\/\/onoxvo.es\/wp-content\/uploads\/2025\/04\/Manos-en-el-teclado-en-la-oficina-2.jpg 1200w, https:\/\/onoxvo.es\/wp-content\/uploads\/2025\/04\/Manos-en-el-teclado-en-la-oficina-2-300x168.jpg 300w, https:\/\/onoxvo.es\/wp-content\/uploads\/2025\/04\/Manos-en-el-teclado-en-la-oficina-2-1024x574.jpg 1024w, https:\/\/onoxvo.es\/wp-content\/uploads\/2025\/04\/Manos-en-el-teclado-en-la-oficina-2-768x431.jpg 768w\" sizes=\"auto, (max-width: 1200px) 100vw, 1200px\"><\/figure>\n\n<h3 class=\"gb-headline gb-headline-d983d751 gb-headline-text\">K00411 &#304;ncelemeleri 2025: G&uuml;venli ve Verimli Bir Otomatik Ticaret Platformu mu?<\/h3>\n\n<p class=\"gb-headline gb-headline-4479dfb1 gb-headline-text\"><time class=\"entry-date published\" datetime=\"2025-05-28T08:07:12+00:00\">May&#305;s 28, 2025<\/time><\/p>\n\n<p class=\"gb-headline gb-headline-2b582abf\"><span class=\"gb-icon\"><svg xmlns=\"http:\/\/www.w3.org\/2000\/svg\" aria-hidden=\"true\" role=\"img\" height=\"1em\" width=\"1em\" viewbox=\"0 0 640 512\"><path fill=\"currentColor\" d=\"M497.941 225.941L286.059 14.059A48 48 0 0 0 252.118 0H48C21.49 0 0 21.49 0 48v204.118a48 48 0 0 0 14.059 33.941l211.882 211.882c18.744 18.745 49.136 18.746 67.882 0l204.118-204.118c18.745-18.745 18.745-49.137 0-67.882zM112 160c-26.51 0-48-21.49-48-48s21.49-48 48-48 48 21.49 48 48-21.49 48-48 48zm513.941 133.823L421.823 497.941c-18.745 18.745-49.137 18.745-67.882 0l-.36-.36L527.64 323.522c16.999-16.999 26.36-39.6 26.36-63.64s-9.362-46.641-26.36-63.64L331.397 0h48.721a48 48 0 0 1 33.941 14.059l211.882 211.882c18.745 18.745 18.745 49.137 0 67.882z\"><\/path><\/svg><\/span><span class=\"gb-headline-text\"><span class=\"post-term-item term-opiniones\">Opiniones<\/span><\/span><\/p>\n\n<p class=\"gb-headline gb-headline-f7b33596 gb-headline-text\">Fintech alan&#305;nda on y&#305;l&#305; a&#351;k&#305;n deneyime ve CFA sertifikas&#305;na sahip bir finans analisti olarak, kripto para ticaretini otomatikle&#351;tirmek isteyenlerin dikkatini &ccedil;eken bir platform olan K00411 hakk&#305;nda size net ve objektif bir g&ouml;r&uuml;&#351; sunmay&#305; ama&ccedil;l&#305;yorum.<\/p>\n<\/div><\/div>\n\n<div class=\"gb-grid-column gb-grid-column-6d0708d1 gb-query-loop-item post-23816 post type-post status-publish format-standard has-post-thumbnail hentry category-gorusler\"><div class=\"gb-container gb-container-6d0708d1\">\n<figure class=\"gb-block-image gb-block-image-66593d68\"><img loading=\"lazy\" decoding=\"async\" width=\"1200\" height=\"673\" src=\"https:\/\/onoxvo.es\/wp-content\/uploads\/2025\/04\/Manos-en-el-teclado-en-la-oficina-3.jpg\" class=\"gb-image-66593d68\" alt=\"Manos en el teclado en la oficina (3)\" srcset=\"https:\/\/onoxvo.es\/wp-content\/uploads\/2025\/04\/Manos-en-el-teclado-en-la-oficina-3.jpg 1200w, https:\/\/onoxvo.es\/wp-content\/uploads\/2025\/04\/Manos-en-el-teclado-en-la-oficina-3-300x168.jpg 300w, https:\/\/onoxvo.es\/wp-content\/uploads\/2025\/04\/Manos-en-el-teclado-en-la-oficina-3-1024x574.jpg 1024w, https:\/\/onoxvo.es\/wp-content\/uploads\/2025\/04\/Manos-en-el-teclado-en-la-oficina-3-768x431.jpg 768w\" sizes=\"auto, (max-width: 1200px) 100vw, 1200px\"><\/figure>\n\n<h3 class=\"gb-headline gb-headline-d983d751 gb-headline-text\">K00410: F&#305;rsat m&#305;, Risk mi? Bu Otomatik Ticaret Platformunun Tam Analizi<\/h3>\n\n<p class=\"gb-headline gb-headline-4479dfb1 gb-headline-text\"><time class=\"entry-date published\" datetime=\"2025-05-28T08:05:14+00:00\">May&#305;s 28, 2025<\/time><\/p>\n\n<p class=\"gb-headline gb-headline-2b582abf\"><span class=\"gb-icon\"><svg xmlns=\"http:\/\/www.w3.org\/2000\/svg\" aria-hidden=\"true\" role=\"img\" height=\"1em\" width=\"1em\" viewbox=\"0 0 640 512\"><path fill=\"currentColor\" d=\"M497.941 225.941L286.059 14.059A48 48 0 0 0 252.118 0H48C21.49 0 0 21.49 0 48v204.118a48 48 0 0 0 14.059 33.941l211.882 211.882c18.744 18.745 49.136 18.746 67.882 0l204.118-204.118c18.745-18.745 18.745-49.137 0-67.882zM112 160c-26.51 0-48-21.49-48-48s21.49-48 48-48 48 21.49 48 48-21.49 48-48 48zm513.941 133.823L421.823 497.941c-18.745 18.745-49.137 18.745-67.882 0l-.36-.36L527.64 323.522c16.999-16.999 26.36-39.6 26.36-63.64s-9.362-46.641-26.36-63.64L331.397 0h48.721a48 48 0 0 1 33.941 14.059l211.882 211.882c18.745 18.745 18.745 49.137 0 67.882z\"><\/path><\/svg><\/span><span class=\"gb-headline-text\"><span class=\"post-term-item term-gorusler\">G&ouml;r&uuml;&#351;ler<\/span><\/span><\/p>\n\n<p class=\"gb-headline gb-headline-f7b33596 gb-headline-text\">Kripto paralara yat&#305;r&#305;m yapmak, &ouml;zellikle son derece etkili otomatik ticaret &ouml;zellikleriyle &ouml;ne &ccedil;&#305;kmay&#305; vadeden K00410 gibi platformlar&#305;n ortaya &ccedil;&#305;kmas&#305;yla birlikte bir&ccedil;ok ki&#351;i i&ccedil;in hala zorlu bir s&uuml;re&ccedil; olmaya devam ediyor.<\/p>\n<\/div><\/div>\n\n<div class=\"gb-grid-column gb-grid-column-6d0708d1 gb-query-loop-item post-23824 post type-post status-publish format-standard has-post-thumbnail hentry category-gorusler\"><div class=\"gb-container gb-container-6d0708d1\">\n<figure class=\"gb-block-image gb-block-image-66593d68\"><img loading=\"lazy\" decoding=\"async\" width=\"1200\" height=\"673\" src=\"https:\/\/onoxvo.es\/wp-content\/uploads\/2025\/03\/Aplicacion-de-comercio-telefonico-plegable-1-1.jpg\" class=\"gb-image-66593d68\" alt=\"K00409 Aplicaci&oacute;n de comercio telef&oacute;nico plegable (1)\" srcset=\"https:\/\/onoxvo.es\/wp-content\/uploads\/2025\/03\/Aplicacion-de-comercio-telefonico-plegable-1-1.jpg 1200w, https:\/\/onoxvo.es\/wp-content\/uploads\/2025\/03\/Aplicacion-de-comercio-telefonico-plegable-1-1-300x168.jpg 300w, https:\/\/onoxvo.es\/wp-content\/uploads\/2025\/03\/Aplicacion-de-comercio-telefonico-plegable-1-1-1024x574.jpg 1024w, https:\/\/onoxvo.es\/wp-content\/uploads\/2025\/03\/Aplicacion-de-comercio-telefonico-plegable-1-1-768x431.jpg 768w\" sizes=\"auto, (max-width: 1200px) 100vw, 1200px\"><\/figure>\n\n<h3 class=\"gb-headline gb-headline-d983d751 gb-headline-text\">K00409: Kuantum Teknolojisi ve %95 Do&#287;rulukla Kripto Para Ticaret Platformu<\/h3>\n\n<p class=\"gb-headline gb-headline-4479dfb1 gb-headline-text\"><time class=\"entry-date published\" datetime=\"2025-05-28T08:03:30+00:00\">May&#305;s 28, 2025<\/time><\/p>\n\n<p class=\"gb-headline gb-headline-2b582abf\"><span class=\"gb-icon\"><svg xmlns=\"http:\/\/www.w3.org\/2000\/svg\" aria-hidden=\"true\" role=\"img\" height=\"1em\" width=\"1em\" viewbox=\"0 0 640 512\"><path fill=\"currentColor\" d=\"M497.941 225.941L286.059 14.059A48 48 0 0 0 252.118 0H48C21.49 0 0 21.49 0 48v204.118a48 48 0 0 0 14.059 33.941l211.882 211.882c18.744 18.745 49.136 18.746 67.882 0l204.118-204.118c18.745-18.745 18.745-49.137 0-67.882zM112 160c-26.51 0-48-21.49-48-48s21.49-48 48-48 48 21.49 48 48-21.49 48-48 48zm513.941 133.823L421.823 497.941c-18.745 18.745-49.137 18.745-67.882 0l-.36-.36L527.64 323.522c16.999-16.999 26.36-39.6 26.36-63.64s-9.362-46.641-26.36-63.64L331.397 0h48.721a48 48 0 0 1 33.941 14.059l211.882 211.882c18.745 18.745 18.745 49.137 0 67.882z\"><\/path><\/svg><\/span><span class=\"gb-headline-text\"><span class=\"post-term-item term-gorusler\">G&ouml;r&uuml;&#351;ler<\/span><\/span><\/p>\n\n<p class=\"gb-headline gb-headline-f7b33596 gb-headline-text\">Yak&#305;n zamanda K00409 platformunu detayl&#305; bir &#351;ekilde test etme f&#305;rsat&#305; buldum ve itiraf etmeliyim ki bende &ccedil;ok olumlu bir izlenim b&#305;rakt&#305;. En b&uuml;y&uuml;k cazibesi ise hi&ccedil; &#351;&uuml;phesiz %95&rsquo;i a&#351;an do&#287;ruluk oran&#305;d&#305;r.<\/p>\n<\/div><\/div>\n<\/div>\n\n<\/div>\n<\/div><div class=\"gb-container gb-container-fcae9bbb\">\n<div class=\"gb-container gb-container-35d5fc55\">\n\n<h2 class=\"gb-headline gb-headline-889efd6a gb-headline-text\"><mark style=\"background-color:#4daa50\" class=\"has-inline-color has-base-3-color\">Kripto Para Ticaretinde D&ouml;n&uuml;&#351;&uuml;m: Yapay Zeka Platformlar&#305; Arac&#305;l&#305;&#287;&#305;yla &#304;novasyon<\/mark><\/h2>\n\n\n\n<p><a href=\"https:\/\/immediatecodeai.com\/tr\/\" target=\"_blank\" rel=\"noreferrer noopener\">Immediate Definity Ai<\/a>, geli&#351;mi&#351; &ouml;zellikler, g&uuml;ncel piyasa bilgileri ve yapay zeka tabanl&#305; tahminleri bir araya getirerek g&uuml;nl&uuml;k ticarette d&ouml;n&uuml;&#351;&uuml;msel bir de&#287;i&#351;imi temsil eder. Her seviyeden t&uuml;ccar i&ccedil;in uygun sezgisel bir aray&uuml;ze sahiptir.<\/p>\n\n<\/div>\n<\/div><div class=\"gb-container gb-container-b3185cf8\">\n<div class=\"gb-container gb-container-0abe0ffe\">\n\n<h2 class=\"gb-headline gb-headline-50d7a6cd gb-headline-text\"><mark style=\"background-color:#4daa50\" class=\"has-inline-color has-base-3-color\">Bitcoin nedir?<\/mark><\/h2>\n\n\n\n<p class=\"gb-headline gb-headline-543c295e gb-headline-text\">&nbsp;B<strong>itcoin<\/strong> sanal ve soyut bir para birimidir. &nbsp; Ba&#351;ka bir deyi&#351;le, madeni para veya banknot gibi hi&ccedil;bir formuna dokunulamaz, ancak madeni para veya banknotlarla ayn&#305; &#351;ekilde bir &ouml;deme arac&#305; olarak kullan&#305;labilir.<\/p>\n\n<\/div>\n<\/div><div class=\"gb-container gb-container-84ad9ec2\">\n<div class=\"gb-container gb-container-ced94517\">\n\n<h2 class=\"gb-headline gb-headline-0844419d gb-headline-text\"><mark style=\"background-color:#4daa50\" class=\"has-inline-color has-base-3-color\">Efsane<\/mark><\/h2>\n\n\n\n<figure class=\"wp-block-table is-style-stripes\"><table><tbody><tr><td class=\"has-text-align-left\" data-align=\"left\">Dokunun<\/td><td>Arada s&#305;rada bize belli bir miktar shatosis verecek web sitesi.<\/td><\/tr><tr><td class=\"has-text-align-left\" data-align=\"left\">Satoshi<\/td><td>1 satoshi &#351;u de&#287;ere e&#351;ittir: 0,00000001 BTC (Tablo i&ccedil;in a&#351;a&#287;&#305;ya bak&#305;n&#305;z).<\/td><\/tr><tr><td class=\"has-text-align-left\" data-align=\"left\">Hava Durumu<\/td><td>Kazan&ccedil;lar i&ccedil;in yeniden ba&#351;vurmak i&ccedil;in beklememiz gereken s&uuml;re.<\/td><\/tr><tr><td class=\"has-text-align-left\" data-align=\"left\">Karlar<\/td><td>Her bir talep ile ilgili Tap&rsquo;te kazanabilece&#287;imiz kazan&ccedil;lar.<\/td><\/tr><tr><td class=\"has-text-align-left\" data-align=\"left\">Minimum<\/td><td>Baz&#305; Taps, belirli bir limite ula&#351;t&#305;&#287;&#305;n&#305;zda size kazan&ccedil; g&ouml;nderir.<\/td><\/tr><tr><td class=\"has-text-align-left\" data-align=\"left\">&#304;ddia<\/td><td>Bir Tap&rsquo;a her girdi&#287;imizde satoshis talep edece&#287;iz.<\/td><\/tr><tr><td class=\"has-text-align-left\" data-align=\"left\">&Ccedil;anta<\/td><td>Kazan&ccedil;lar&#305;m&#305;z ya do&#287;rudan ya da &ouml;nce FaucetBox gibi bir arac&#305;dan ge&ccedil;erek C&uuml;zdan&#305;m&#305;za gidecektir.<\/td><\/tr><tr><td class=\"has-text-align-left\" data-align=\"left\">FaucetBox<\/td><td>Bu, Musluklarda kazan&#305;lan t&uuml;m kazan&ccedil;lar&#305; bir araya getiren ge&ccedil;ici bir &ldquo;C&uuml;zdan &ldquo;d&#305;r. FaucetBox bize her &#351;eyi tek bir i&#351;lemle g&ouml;nderecek.<\/td><\/tr><tr><td class=\"has-text-align-left\" data-align=\"left\">MicroWallet<\/td><td>Bu da FaucetBox ile ayn&#305; i&#351;i yapan bir ba&#351;ka site.<\/td><\/tr><tr><td class=\"has-text-align-left\" data-align=\"left\">&#127379;<\/td><td>Bu dokunu&#351;larda kazanc&#305;n&#305;z&#305; talep etmek i&ccedil;in XAPO&rsquo;da do&#287;rulanm&#305;&#351; bir e-posta adresi kullan&#305;rsan&#305;z %25 daha fazla kazanacaks&#305;n&#305;z.<\/td><\/tr><tr><td class=\"has-text-align-left\" data-align=\"left\">&#128077;<\/td><td>Bu muslu&#287;un durumu do&#287;rudur.<\/td><\/tr><tr><td class=\"has-text-align-left\" data-align=\"left\">&#128267;<\/td><td>Bu muslukta para kalmad&#305;, daha fazla satoshis eklemeleri sadece birka&ccedil; saat meselesi.<\/td><\/tr><\/tbody><\/table><\/figure>\n\n<\/div>\n<\/div><div class=\"gb-container gb-container-a34aacc9\">\n<div class=\"gb-container gb-container-75a2645b\">\n\n<h2 class=\"gb-headline gb-headline-be71062a gb-headline-text\"><mark style=\"background-color:#4daa50\" class=\"has-inline-color has-base-3-color\">Griffin nedir?<\/mark><\/h2>\n\n\n\n<p class=\"gb-headline gb-headline-dc54a0eb gb-headline-text\">Faucet&rsquo;ler, bu web sitelerini ziyaret edenlere zaman zaman &lsquo;mikro &ouml;demeler&rsquo; yapan, Bitcoin veya di&#287;er kripto para birimlerinde k&uuml;&ccedil;&uuml;k bir te&#351;vik alan web siteleridir.<\/p>\n\n<\/div>\n<\/div><div class=\"gb-container gb-container-88361467\">\n<div class=\"gb-container gb-container-5bbd2d12\">\n\n<h2 class=\"gb-headline gb-headline-98ada489 gb-headline-text\"><mark style=\"background-color:#4daa50\" class=\"has-inline-color has-base-3-color\">Faucetbox nedir?<\/mark><\/h2>\n\n\n\n<p>FaucetBox bir ak&uuml;m&uuml;lat&ouml;rd&uuml;r ya da &ccedil;o&#287;u musluk taraf&#305;ndan kullan&#305;c&#305;lara &ouml;deme yapmak i&ccedil;in kullan&#305;lan ge&ccedil;ici bir bitcoin arac&#305;s&#305;d&#305;r.<\/p>\n\n\n\n<p>FaucetBox&rsquo;ta bir hesap olu&#351;turman&#305;za gerek yoktur, c&uuml;zdan adresinizi herhangi bir muslu&#287;a girdi&#287;inizde, FaucetBox&rsquo;ta mevcut olacakt&#305;r.<\/p>\n\n\n\n<p>Avantaj&#305;, kazan&ccedil; talep etti&#287;imiz t&uuml;m musluklar&#305;n satoshilerinin biriktirilmesi ve b&ouml;ylece FaucetBox&rsquo;ta belirledi&#287;imiz limite ula&#351;&#305;ld&#305;&#287;&#305;nda c&uuml;zdan&#305;m&#305;za bir transfer yap&#305;lmas&#305; ger&ccedil;e&#287;inde yatmaktad&#305;r.<\/p>\n\n\n\n<p>Birikmi&#351; bakiyeyi ve birikmi&#351; satoshilerin otomatik &ouml;demesini yapmak i&ccedil;in ne kadar kald&#305;&#287;&#305;n&#305; g&ouml;r&uuml;nt&uuml;lemek i&ccedil;in, faucetbox.com&rsquo;da oturum a&ccedil;man&#305;z ve kazan&ccedil; i&ccedil;in kulland&#305;&#287;&#305;n&#305;z bitcoin adresini ilgili Musluklara girmeniz yeterlidir. Buradan, farkl&#305; dokunu&#351;larda elde edilen kazan&ccedil;lar&#305; ve &ccedil;e&#351;itli grafik ve istatistiksel verileri ayr&#305;nt&#305;l&#305; ve anl&#305;k olarak g&ouml;rebilece&#287;iz.<\/p>\n\n\n\n<p>Bu nedenle, farkl&#305; musluklarda birka&ccedil; farkl&#305; tan&#305;mlay&#305;c&#305; kullan&#305;rsak FaucetBox&rsquo;taki kazanc&#305;m&#305;z&#305; &ccedil;e&#351;itlendirmi&#351; olaca&#287;&#305;m&#305;z&#305; ak&#305;lda tutmak &ouml;nemlidir.<\/p>\n\n\n\n<p>Hesab&#305;m&#305;z&#305;n adresi birka&ccedil; rakam ve harften olu&#351;ur: 33MtzzoVTACuGkdnkv4CFD15RTLLDEDmuv<\/p>\n\n<\/div>\n<\/div><div class=\"gb-container gb-container-38a4e2c2\">\n<div class=\"gb-container gb-container-aef61730\">\n\n<h2 class=\"gb-headline gb-headline-d1c67917 gb-headline-text\"><mark style=\"background-color:#4daa50\" class=\"has-inline-color has-base-3-color\">XAPO nas&#305;l kullan&#305;l&#305;r?<\/mark><\/h2>\n\n\n\n<p>XAPO kullan&#305;c&#305;lar&#305;, XAPO entegrasyonu olan t&uuml;m Faucet&rsquo;lerde kazan&ccedil;lar&#305;n&#305; an&#305;nda c&uuml;zdanlar&#305;na talep edebilecekler.<\/p>\n\n\n\n<p>Bunu yapmak i&ccedil;in tek yapmam&#305;z gereken, tan&#305;mlay&#305;c&#305;m&#305;z olacak XAPO ile ili&#351;kili bir e-posta adresi ekleyerek kazan&ccedil;lar&#305; talep etmektir.<\/p>\n\n\n\n<p>Yani, 33MtzzoVTACuGkdnkv4CFD15RTLLDEDmuv gibi hesab&#305;m&#305;z&#305;n bir tan&#305;mlay&#305;c&#305;s&#305;n&#305; koymak yerine e-postay&#305; koyaca&#287;&#305;z.<\/p>\n\n\n\n<p>E-posta adresini ekleyerek, kazan&ccedil;lar&#305; FaucetBox&rsquo;tan ge&ccedil;meden do&#287;rudan XAPO c&uuml;zdan&#305;m&#305;za g&ouml;nderebilece&#287;iz. &Ouml;te yandan, rakam ve harflerden olu&#351;an tan&#305;mlay&#305;c&#305;m&#305;z&#305; koyarsak, bu kazan&ccedil;lar FauceBox veya &ldquo;X&rdquo; e ve oradan da ki&#351;isel c&uuml;zdan&#305;m&#305;za gidecektir.<\/p>\n\n<\/div>\n<\/div>\n","protected":false},"excerpt":{"rendered":"<p>&#350;unlarla ilgileniyorsunuz Kripto Para Ticaretinde D&ouml;n&uuml;&#351;&uuml;m: Yapay Zeka Platformlar&#305; Arac&#305;l&#305;&#287;&#305;yla &#304;novasyon Immediate Definity Ai, geli&#351;mi&#351; &ouml;zellikler, g&uuml;ncel piyasa bilgileri ve yapay zeka tabanl&#305; tahminleri bir araya getirerek g&uuml;nl&uuml;k ticarette d&ouml;n&uuml;&#351;&uuml;msel bir de&#287;i&#351;imi temsil eder. Her seviyeden t&uuml;ccar i&ccedil;in uygun sezgisel bir aray&uuml;ze sahiptir. Bitcoin nedir? &nbsp;Bitcoin sanal ve soyut bir para birimidir. &nbsp; Ba&#351;ka bir &#8230; <a title=\"Ana Sayfa\" class=\"read-more\" href=\"https:\/\/onoxvo.es\/tr\/\" aria-label=\"Read more about Ana Sayfa\">Leer m\u00e1s<\/a><\/p>\n","protected":false},"author":1,"featured_media":0,"parent":0,"menu_order":0,"comment_status":"closed","ping_status":"closed","template":"","meta":{"footnotes":""},"class_list":["post-6530","page","type-page","status-publish"],"rank_math_title":"ONOXVO | Faucets'i ziyaret ederek \u00fccretsiz Bitcoin kazan\u0131n","rank_math_description":"Musluklar\u0131 ziyaret ederek \u00fccretsiz Bitcoin kazan\u0131n","rank_math_focus_keyword":"Bitcoin","_links":{"self":[{"href":"https:\/\/onoxvo.es\/tr\/wp-json\/wp\/v2\/pages\/6530","targetHints":{"allow":["GET"]}}],"collection":[{"href":"https:\/\/onoxvo.es\/tr\/wp-json\/wp\/v2\/pages"}],"about":[{"href":"https:\/\/onoxvo.es\/tr\/wp-json\/wp\/v2\/types\/page"}],"author":[{"embeddable":true,"href":"https:\/\/onoxvo.es\/tr\/wp-json\/wp\/v2\/users\/1"}],"replies":[{"embeddable":true,"href":"https:\/\/onoxvo.es\/tr\/wp-json\/wp\/v2\/comments?post=6530"}],"version-history":[{"count":0,"href":"https:\/\/onoxvo.es\/tr\/wp-json\/wp\/v2\/pages\/6530\/revisions"}],"wp:attachment":[{"href":"https:\/\/onoxvo.es\/tr\/wp-json\/wp\/v2\/media?parent=6530"}],"curies":[{"name":"wp","href":"https:\/\/api.w.org\/{rel}","templated":true}]}}