{"id":6559,"date":"2024-01-02T15:23:13","date_gmt":"2024-01-02T15:23:13","guid":{"rendered":"https:\/\/onoxvo.es\/iletisim\/"},"modified":"2024-05-29T11:05:54","modified_gmt":"2024-05-29T11:05:54","slug":"contacto","status":"publish","type":"page","link":"https:\/\/onoxvo.es\/tr\/contacto\/","title":{"rendered":"\u0130leti\u015fim"},"content":{"rendered":"<?xml encoding=\"UTF-8\"><div class=\"gb-container gb-container-24ab7658\">\n<div class=\"gb-container gb-container-e4925450\">\n<div class=\"gb-grid-wrapper gb-grid-wrapper-25037b59\">\n<div class=\"gb-grid-column gb-grid-column-aafbbc1c\"><div class=\"gb-container gb-container-aafbbc1c\">\n\n<h1 class=\"gb-headline gb-headline-3dc61e59 gb-headline-text\">&#304;leti&#351;im<\/h1>\n\n\n\n<p>Yard&#305;m etmek i&ccedil;in buraday&#305;z! Bir sorunuz, yorumunuz veya yard&#305;ma ihtiyac&#305;n&#305;z oldu&#287;unda, sadece bir mesaj uza&#287;&#305;n&#305;zday&#305;z. L&uuml;tfen a&#351;a&#287;&#305;daki y&ouml;ntemlerden biriyle bizimle ileti&#351;ime ge&ccedil;mekten &ccedil;ekinmeyin:<\/p>\n\n\n\n<h2 class=\"gb-headline gb-headline-7e968c29 gb-headline-text\">&#304;leti&#351;im formu<\/h2>\n\n\n\n<p class=\"gb-headline gb-headline-9a9f1eb3 gb-headline-text\">Size kolayl&#305;k sa&#287;lamak amac&#305;yla, bize do&#287;rudan mesaj g&ouml;ndermek i&ccedil;in a&#351;a&#287;&#305;daki formu kullanabilirsiniz. Gerekli alanlar&#305; doldurun ve &lsquo;Mesaj g&ouml;nder&rsquo;e t&#305;klay&#305;n. T&uuml;m sorulara 24 saat i&ccedil;inde yan&#305;t vermeyi hedefliyoruz.<\/p>\n\n\n\n<h2 class=\"gb-headline gb-headline-6987a60a gb-headline-text\">Bize bir e-posta g&ouml;nderin<\/h2>\n\n\n\n<p>Bizimle e-posta yoluyla ileti&#351;ime ge&ccedil;meyi tercih ediyorsan&#305;z, l&uuml;tfen sorular&#305;n&#305;z&#305; veya endi&#351;elerinizi <a href=\"mailto:info@onoxvo.es\">info@onoxvo.es<\/a> adresine g&ouml;nderin. E-postalar&#305;m&#305;z&#305; d&uuml;zenli olarak kontrol ediyoruz ve size zaman&#305;nda ve eksiksiz bir yan&#305;t vermek i&ccedil;in elimizden geleni yapaca&#287;&#305;z.<\/p>\n\n\n\n<p>Onoxvo&rsquo;yu tercih etti&#287;iniz i&ccedil;in te&#351;ekk&uuml;r ederiz. Size yard&#305;mc&#305; olmak i&ccedil;in sab&#305;rs&#305;zlan&#305;yoruz!<\/p>\n\n<\/div><\/div>\n\n<div class=\"gb-grid-column gb-grid-column-8b3b81f4\"><div class=\"gb-container gb-container-8b3b81f4\">\n    <script>\n        localStorage.setItem('fxbot_ab_testing', '{\"login\":[],\"registration\":[],\"contactus\":[]}');\n    <\/script>\n\n\n<script>\n    localStorage.setItem('fxbot_api_parameters', '[]');\n    localStorage.setItem('fxbot_alias_url', 'wp-content\/plugins\/fxbot-registration-form\/api.php');\n    localStorage.setItem('fxbot_email_marketing', '1');\n    localStorage.setItem('fxbot_email_marketing_debounce', 'true');\n    localStorage.setItem('fxbot_email_marketing_debounce_time', '1000');\n    localStorage.setItem('fxbot_recaptcha_enabled', 'false');\n    localStorage.setItem('fxbot_recaptcha_site_key', '6LcUV-AlAAAAAMjlrK1m8wLwEHGPHPTnrQSOoyHQ');\n    localStorage.setItem('fxbot_alt_reg_popup_query_selector', '');\n    localStorage.setItem('fxbot_redirectVariant', '0');\n<\/script>\n<div class=\"form-widget\">\n    <form action=\"\" class=\"flex flex-column\" data-form=\"registrationForm\" data-urlsearchparams=\"\" data-widget=\"contactus\" id=\"reg_form_1\" method=\"post\" name=\"registrationForm\">\n        <div class=\"elementor-field-type-text elementor-field-group elementor-column elementor-field-group-name elementor-col-100 form-group\">\n            <label for=\"form-first_name\" class=\"elementor-field-label elementor-screen-only\">\u0130lk ad\u0131<\/label>\n            <input class=\"elementor-field elementor-size-sm  elementor-field-textual regFormFirstName\" placeholder=\"\u0130lk ad\u0131\" data-input=\"firstname\" data-valid=\"false\" id=\"form-first_name\" name=\"firstname\" size=\"1\" type=\"text\">\n            <p class=\"error-message\"><\/p>\n        <\/div>\n\n        <div class=\"elementor-field-type-text elementor-field-group elementor-column elementor-field-group-name elementor-col-100 form-group\">\n            <label for=\"form-last_name\" class=\"elementor-field-label elementor-screen-only\">Soyad\u0131<\/label>\n            <input class=\"elementor-field elementor-size-sm elementor-field-textual regFormLastNname\" placeholder=\"Soyad\u0131\" data-input=\"lastname\" data-valid=\"false\" id=\"form-last_name\" name=\"lastname\" size=\"1\" type=\"text\">\n            <p class=\"error-message\"><\/p>\n        <\/div>\n\n        <div class=\"elementor-field-type-text elementor-field-group elementor-column elementor-field-group-name elementor-col-100 form-group form-group__emailValid\">\n            <label for=\"form-email\" class=\"elementor-field-label elementor-screen-only\">E-posta<\/label>\n            <input class=\"elementor-field elementor-size-sm elementor-field-textual regFormEmail\" data-input=\"email\" data-valid=\"false\" id=\"form-email\" name=\"email\" placeholder=\"E-posta\" type=\"email\">\n            <p class=\"error-message\"><\/p>\n            <p class=\"form-group__emailValid-info\">\n                <span class=\"form-group__emailValid-message\"><b><\/b>mu demek istediniz?<\/span> <span class=\"form-group__emailValid-btn\">Yer de\u011fi\u015ftirmek<\/span>            <\/p>\n        <\/div>\n\n        <div class=\"elementor-field-type-tel elementor-field-group elementor-column elementor-field-group-field_fad38fc elementor-col-100 form-group reg-phone\">\n            <label for=\"form-phone_number\" class=\"elementor-field-label elementor-screen-only\">Telefon numaras\u0131<\/label>\n            <input class=\"elementor-field elementor-size-sm elementor-field-textual regFormPhoneNumber\" placeholder=\"Telefon numaras\u0131\" autocompvare=\"off\" data-input=\"phone_number\" data-valid=\"false\" id=\"form-phone_number\" inputmode=\"tel\" name=\"phone_number\" size=\"1\" type=\"text\">\n            <p class=\"error-message\"><\/p>\n        <\/div>\n\n        <div class=\"elementor-field-type-text elementor-field-group elementor-column elementor-field-group-name elementor-col-100 form-group\">\n            <label for=\"form-message\" class=\"elementor-field-label elementor-screen-only\">Mesaj<\/label>\n            <textarea class=\"elementor-field elementor-size-sm elementor-field-textual regFormMessage\" placeholder=\"Mesaj\" data-input=\"message\" data-valid=\"false\" id=\"form-message\" name=\"message\" rows=\"5\"><\/textarea>\n            <p class=\"error-message\"><\/p>\n        <\/div>\n\n        <button class=\"elementor-button zoom regFormButton\" data-button=\"submit\" id=\"form-btn\" type=\"button\">\n            Mesaj g\u00f6nder        <\/button>\n\n        <div class=\"wrapper__rar-no\" data-modal=\"success\" style=\"display: none\">\n            <div class=\"success\">\n                <img decoding=\"async\" src=\"\/wp-content\/plugins\/fxbot-registration-form\/assets\/images\/regSuccess.png\" alt=\"Geri bildiriminiz i\u00e7in te\u015fekk\u00fcrler.\">\n                <p>Geri bildiriminiz i\u00e7in te\u015fekk\u00fcrler.<\/p>\n            <\/div>\n        <\/div>\n\n        <div class=\"wrapper__rar-no\" data-modal=\"alternative_success\" style=\"display: none\">\n            <div class=\"success\">\n                <p class=\"reg_title\">\n                    <b>Ba\u015far\u0131yla ba\u011fland\u0131n\u0131z.<\/b>\n                <\/p>\n                <p>\u015eirketten bir yetkili yak\u0131nda sizinle ileti\u015fime ge\u00e7ecek. L\u00fctfen arama gelene kadar telefonunuzun ba\u015f\u0131nda oldu\u011funuzdan emin olun ki \u00e7a\u011fr\u0131y\u0131 ka\u00e7\u0131rmay\u0131n.<\/p>\n            <\/div>\n        <\/div>\n\n        <div class=\"wrapper__error\" data-modal=\"error\" style=\"display: none\"><\/div>\n    <\/form>\n<\/div>\n\n<div class=\"submit-overlay\" style=\"display: none;\">\n    <div class=\"lds-spinner\">\n        <div><\/div>\n        <div><\/div>\n        <div><\/div>\n        <div><\/div>\n        <div><\/div>\n        <div><\/div>\n        <div><\/div>\n        <div><\/div>\n    <\/div>\n    <p class=\"overlay-text\">\u0130ste\u011finiz i\u015fleniyor...<\/p>\n<\/div>\n\n\n<\/div><\/div>\n<\/div>\n<\/div>\n<\/div>\n","protected":false},"excerpt":{"rendered":"","protected":false},"author":1,"featured_media":0,"parent":0,"menu_order":0,"comment_status":"closed","ping_status":"closed","template":"","meta":{"footnotes":""},"class_list":["post-6559","page","type-page","status-publish"],"rank_math_title":"ONOXVO ile ileti\u015fime ge\u00e7in: uzman Bitcoin bilgilerine ve deste\u011fine a\u00e7\u0131lan kap\u0131n\u0131z","rank_math_description":"Bitcoin ve kripto para birimi ile ilgili t\u00fcm sorular\u0131n\u0131z i\u00e7in ONOXVO'ya ula\u015f\u0131n. \u0130leti\u015fim sayfam\u0131z, ister bilgi ister destek ar\u0131yor ya da katk\u0131da bulunmak istiyor olun, size kapsaml\u0131 destek sunmak \u00fczere tasarlanm\u0131\u015ft\u0131r. Bug\u00fcn bizimle ileti\u015fime ge\u00e7in.","rank_math_focus_keyword":"","_links":{"self":[{"href":"https:\/\/onoxvo.es\/tr\/wp-json\/wp\/v2\/pages\/6559","targetHints":{"allow":["GET"]}}],"collection":[{"href":"https:\/\/onoxvo.es\/tr\/wp-json\/wp\/v2\/pages"}],"about":[{"href":"https:\/\/onoxvo.es\/tr\/wp-json\/wp\/v2\/types\/page"}],"author":[{"embeddable":true,"href":"https:\/\/onoxvo.es\/tr\/wp-json\/wp\/v2\/users\/1"}],"replies":[{"embeddable":true,"href":"https:\/\/onoxvo.es\/tr\/wp-json\/wp\/v2\/comments?post=6559"}],"version-history":[{"count":0,"href":"https:\/\/onoxvo.es\/tr\/wp-json\/wp\/v2\/pages\/6559\/revisions"}],"wp:attachment":[{"href":"https:\/\/onoxvo.es\/tr\/wp-json\/wp\/v2\/media?parent=6559"}],"curies":[{"name":"wp","href":"https:\/\/api.w.org\/{rel}","templated":true}]}}